{"id":9768,"date":"2023-06-28T13:50:54","date_gmt":"2023-06-28T13:50:54","guid":{"rendered":"https:\/\/nafrottawa.com\/?page_id=9768"},"modified":"2025-12-08T17:19:59","modified_gmt":"2025-12-08T17:19:59","slug":"rabais-au-parc-aquatique-mont-cascades","status":"publish","type":"page","link":"https:\/\/nafrottawa.com\/fr\/rabais-au-parc-aquatique-mont-cascades\/","title":{"rendered":"Rabais Station de Ski Mont Cascades"},"content":{"rendered":"\t\t<div data-elementor-type=\"wp-page\" data-elementor-id=\"9768\" class=\"elementor elementor-9768 elementor-9767\" data-elementor-post-type=\"page\">\n\t\t\t\t\t\t<section class=\"elementor-section elementor-top-section elementor-element elementor-element-e07aeb7 elementor-section-boxed elementor-section-height-default elementor-section-height-default\" data-id=\"e07aeb7\" data-element_type=\"section\" data-e-type=\"section\" data-settings=\"{&quot;jet_parallax_layout_list&quot;:[{&quot;jet_parallax_layout_image&quot;:{&quot;url&quot;:&quot;&quot;,&quot;id&quot;:&quot;&quot;,&quot;size&quot;:&quot;&quot;},&quot;_id&quot;:&quot;3f98bd5&quot;,&quot;jet_parallax_layout_image_tablet&quot;:{&quot;url&quot;:&quot;&quot;,&quot;id&quot;:&quot;&quot;,&quot;size&quot;:&quot;&quot;},&quot;jet_parallax_layout_image_mobile&quot;:{&quot;url&quot;:&quot;&quot;,&quot;id&quot;:&quot;&quot;,&quot;size&quot;:&quot;&quot;},&quot;jet_parallax_layout_speed&quot;:{&quot;unit&quot;:&quot;%&quot;,&quot;size&quot;:50,&quot;sizes&quot;:[]},&quot;jet_parallax_layout_type&quot;:&quot;scroll&quot;,&quot;jet_parallax_layout_direction&quot;:&quot;1&quot;,&quot;jet_parallax_layout_fx_direction&quot;:null,&quot;jet_parallax_layout_z_index&quot;:&quot;&quot;,&quot;jet_parallax_layout_bg_x&quot;:50,&quot;jet_parallax_layout_bg_x_tablet&quot;:&quot;&quot;,&quot;jet_parallax_layout_bg_x_mobile&quot;:&quot;&quot;,&quot;jet_parallax_layout_bg_y&quot;:50,&quot;jet_parallax_layout_bg_y_tablet&quot;:&quot;&quot;,&quot;jet_parallax_layout_bg_y_mobile&quot;:&quot;&quot;,&quot;jet_parallax_layout_bg_size&quot;:&quot;auto&quot;,&quot;jet_parallax_layout_bg_size_tablet&quot;:&quot;&quot;,&quot;jet_parallax_layout_bg_size_mobile&quot;:&quot;&quot;,&quot;jet_parallax_layout_animation_prop&quot;:&quot;transform&quot;,&quot;jet_parallax_layout_on&quot;:[&quot;desktop&quot;,&quot;tablet&quot;]}]}\">\n\t\t\t\t\t\t<div class=\"elementor-container elementor-column-gap-default\">\n\t\t\t\t\t<div class=\"elementor-column elementor-col-100 elementor-top-column elementor-element elementor-element-093923a\" data-id=\"093923a\" data-element_type=\"column\" data-e-type=\"column\">\n\t\t\t<div class=\"elementor-widget-wrap elementor-element-populated\">\n\t\t\t\t\t\t<div class=\"elementor-element elementor-element-1e52787 elementor-widget elementor-widget-image\" data-id=\"1e52787\" data-element_type=\"widget\" data-e-type=\"widget\" data-widget_type=\"image.default\">\n\t\t\t\t<div class=\"elementor-widget-container\">\n\t\t\t\t\t\t\t\t\t\t\t\t\t\t\t<img decoding=\"async\" width=\"195\" height=\"124\" src=\"https:\/\/nafrottawa.com\/wp-content\/uploads\/logo.png\" class=\"attachment-full size-full wp-image-9772\" alt=\"\" \/>\t\t\t\t\t\t\t\t\t\t\t\t\t\t\t<\/div>\n\t\t\t\t<\/div>\n\t\t\t\t<div class=\"elementor-element elementor-element-39eaa89 elementor-widget elementor-widget-text-editor\" data-id=\"39eaa89\" data-element_type=\"widget\" data-e-type=\"widget\" data-widget_type=\"text-editor.default\">\n\t\t\t\t<div class=\"elementor-widget-container\">\n\t\t\t\t\t\t\t\t\t<p> <\/p><p><span style=\"font-weight: 400;\">Les membres de la section d&rsquo;Ottawa et de l&rsquo;Outaouais b\u00e9n\u00e9ficient d&rsquo;un tarif sp\u00e9cial de<\/span> <b>265 $ + taxes <\/b><span style=\"font-weight: 400;\">pour la passe saisonni\u00e8re<\/span> <b>\u00ab\u00a0Abonnement presque en tout temps (5 jours \/ 7 nuits)\u00a0\u00bb.<\/b><span style=\"font-weight: 400;\"> \u00e0 la station de ski Mont Cascades pour la saison hivernale 2025-2026. C&rsquo;est  <\/span><b>une r\u00e9duction de 32 %<\/b><span style=\"font-weight: 400;\"> sur le prix normal! Cette offre sp\u00e9ciale est valable pour les membres et les personnes r\u00e9sidant \u00e0 la m\u00eame adresse.  <\/span><\/p><p>Ce forfait est valide les jours de semaine (incluant les rel\u00e2ches), et valide les week-ends \u00e0 partir de 15 h. En plus, il est valide en tout temps (7 jours sur 7) jusqu&rsquo;au 25 d\u00e9cembre 2025 inclusivement et apr\u00e8s le 15 mars 2026.  <\/p><p>Les jours d&rsquo;exclusion pour la passe sont du 26 d\u00e9cembre 2025 au 2 janvier 2026, inclusivement. Pendant cette p\u00e9riode, la passe ne sera valable que le soir (apr\u00e8s 15 h). <\/p><p>Les d\u00e9tenteurs de la passe b\u00e9n\u00e9ficient \u00e9galement d&rsquo;une r<b>\u00e9duction de 35 %<\/b> sur les billets journ\u00e9e compl\u00e8te de weekend ou lors des journ\u00e9es d\u2019exclusions <\/p><p>Veuillez \u00e9galement noter que la station de ski ferme \u00e0 16 h aux dates suivantes : 24 d\u00e9cembre<br>2025, 25 d\u00e9cembre 2025, 31 d\u00e9cembre 2025 et 1er janvier 2026.<\/p><p>Veuillez \u00e9galement noter que vous devrez acheter ce laissez-passer en personne \u00e0 Mont Cascades et pr\u00e9senter votre carte de membre de l&rsquo;Association ou une copie d&rsquo;un courriel de l&rsquo;Association concernant cette offre afin de prouver que vous \u00eates membre, ainsi qu&rsquo;une preuve de r\u00e9sidence. Le courriel peut \u00eatre imprim\u00e9 ou \u00e9lectronique, mais la station ne peut \u00eatre tenue responsable si votre t\u00e9l\u00e9phone ne fonctionne pas sur place. Cette r\u00e9duction ne peut \u00eatre obtenue en ligne.  <\/p><p>Pour toute autre question, veuillez contacter Mont Cascades au <b>819-827-0301 \/ 1-888-282-2722.<\/b><\/p><p> <\/p>\t\t\t\t\t\t\t\t<\/div>\n\t\t\t\t<\/div>\n\t\t\t\t\t<\/div>\n\t\t<\/div>\n\t\t\t\t\t<\/div>\n\t\t<\/section>\n\t\t<div class=\"elementor-element elementor-element-a2b81d6 e-flex e-con-boxed e-con e-parent\" data-id=\"a2b81d6\" data-element_type=\"container\" data-e-type=\"container\" data-settings=\"{&quot;jet_parallax_layout_list&quot;:[]}\">\n\t\t\t\t\t<div class=\"e-con-inner\">\n\t\t\t\t<div class=\"elementor-element elementor-element-5fbb35b elementor-widget elementor-widget-image\" data-id=\"5fbb35b\" data-element_type=\"widget\" data-e-type=\"widget\" data-widget_type=\"image.default\">\n\t\t\t\t<div class=\"elementor-widget-container\">\n\t\t\t\t\t\t\t\t\t\t\t\t\t\t\t<img fetchpriority=\"high\" decoding=\"async\" width=\"791\" height=\"1024\" src=\"https:\/\/nafrottawa.com\/wp-content\/uploads\/Mont-Cascades-Promo_FRA-791x1024.jpg\" class=\"attachment-large size-large wp-image-15222\" alt=\"\" srcset=\"https:\/\/nafrottawa.com\/wp-content\/uploads\/Mont-Cascades-Promo_FRA-791x1024.jpg 791w, https:\/\/nafrottawa.com\/wp-content\/uploads\/Mont-Cascades-Promo_FRA-232x300.jpg 232w, https:\/\/nafrottawa.com\/wp-content\/uploads\/Mont-Cascades-Promo_FRA-768x994.jpg 768w, https:\/\/nafrottawa.com\/wp-content\/uploads\/Mont-Cascades-Promo_FRA-1187x1536.jpg 1187w, https:\/\/nafrottawa.com\/wp-content\/uploads\/Mont-Cascades-Promo_FRA.jpg 1545w\" sizes=\"(max-width: 791px) 100vw, 791px\" \/>\t\t\t\t\t\t\t\t\t\t\t\t\t\t\t<\/div>\n\t\t\t\t<\/div>\n\t\t\t\t\t<\/div>\n\t\t\t\t<\/div>\n\t\t\t\t<\/div>\n\t\t","protected":false},"excerpt":{"rendered":"<p>Les membres de la section d&rsquo;Ottawa et de l&rsquo;Outaouais b\u00e9n\u00e9ficient d&rsquo;un tarif sp\u00e9cial de 265 $ + taxes pour la passe saisonni\u00e8re \u00ab\u00a0Abonnement presque en tout temps (5 jours \/ 7 nuits)\u00a0\u00bb. \u00e0 la station de ski Mont Cascades pour la saison hivernale 2025-2026. C&rsquo;est une r\u00e9duction de 32 % sur le prix normal! Cette [&hellip;]<\/p>\n","protected":false},"author":5,"featured_media":8513,"parent":0,"menu_order":3,"comment_status":"closed","ping_status":"closed","template":"","meta":{"footnotes":""},"class_list":["post-9768","page","type-page","status-publish","has-post-thumbnail","hentry"],"_links":{"self":[{"href":"https:\/\/nafrottawa.com\/fr\/wp-json\/wp\/v2\/pages\/9768","targetHints":{"allow":["GET"]}}],"collection":[{"href":"https:\/\/nafrottawa.com\/fr\/wp-json\/wp\/v2\/pages"}],"about":[{"href":"https:\/\/nafrottawa.com\/fr\/wp-json\/wp\/v2\/types\/page"}],"author":[{"embeddable":true,"href":"https:\/\/nafrottawa.com\/fr\/wp-json\/wp\/v2\/users\/5"}],"replies":[{"embeddable":true,"href":"https:\/\/nafrottawa.com\/fr\/wp-json\/wp\/v2\/comments?post=9768"}],"version-history":[{"count":0,"href":"https:\/\/nafrottawa.com\/fr\/wp-json\/wp\/v2\/pages\/9768\/revisions"}],"wp:featuredmedia":[{"embeddable":true,"href":"https:\/\/nafrottawa.com\/fr\/wp-json\/wp\/v2\/media\/8513"}],"wp:attachment":[{"href":"https:\/\/nafrottawa.com\/fr\/wp-json\/wp\/v2\/media?parent=9768"}],"curies":[{"name":"wp","href":"https:\/\/api.w.org\/{rel}","templated":true}]}}