{"id":8770,"date":"2022-02-02T19:59:27","date_gmt":"2022-02-02T19:59:27","guid":{"rendered":"https:\/\/nafrottawa.com\/rona-west-hunt-club\/"},"modified":"2023-03-27T20:04:11","modified_gmt":"2023-03-27T20:04:11","slug":"rona-west-hunt-club","status":"publish","type":"page","link":"https:\/\/nafrottawa.com\/fr\/rona-west-hunt-club\/","title":{"rendered":"RONA \u2013 West Hunt Club"},"content":{"rendered":"\t\t<div data-elementor-type=\"wp-page\" data-elementor-id=\"8770\" class=\"elementor elementor-8770 elementor-3844\" data-elementor-post-type=\"page\">\n\t\t\t\t\t\t<section class=\"elementor-section elementor-top-section elementor-element elementor-element-e07aeb7 elementor-section-boxed elementor-section-height-default elementor-section-height-default\" data-id=\"e07aeb7\" data-element_type=\"section\" data-e-type=\"section\" data-settings=\"{&quot;jet_parallax_layout_list&quot;:[{&quot;jet_parallax_layout_image&quot;:{&quot;url&quot;:&quot;&quot;,&quot;id&quot;:&quot;&quot;,&quot;size&quot;:&quot;&quot;},&quot;_id&quot;:&quot;3f98bd5&quot;,&quot;jet_parallax_layout_image_tablet&quot;:{&quot;url&quot;:&quot;&quot;,&quot;id&quot;:&quot;&quot;,&quot;size&quot;:&quot;&quot;},&quot;jet_parallax_layout_image_mobile&quot;:{&quot;url&quot;:&quot;&quot;,&quot;id&quot;:&quot;&quot;,&quot;size&quot;:&quot;&quot;},&quot;jet_parallax_layout_speed&quot;:{&quot;unit&quot;:&quot;%&quot;,&quot;size&quot;:50,&quot;sizes&quot;:[]},&quot;jet_parallax_layout_type&quot;:&quot;scroll&quot;,&quot;jet_parallax_layout_direction&quot;:&quot;1&quot;,&quot;jet_parallax_layout_fx_direction&quot;:null,&quot;jet_parallax_layout_z_index&quot;:&quot;&quot;,&quot;jet_parallax_layout_bg_x&quot;:50,&quot;jet_parallax_layout_bg_x_tablet&quot;:&quot;&quot;,&quot;jet_parallax_layout_bg_x_mobile&quot;:&quot;&quot;,&quot;jet_parallax_layout_bg_y&quot;:50,&quot;jet_parallax_layout_bg_y_tablet&quot;:&quot;&quot;,&quot;jet_parallax_layout_bg_y_mobile&quot;:&quot;&quot;,&quot;jet_parallax_layout_bg_size&quot;:&quot;auto&quot;,&quot;jet_parallax_layout_bg_size_tablet&quot;:&quot;&quot;,&quot;jet_parallax_layout_bg_size_mobile&quot;:&quot;&quot;,&quot;jet_parallax_layout_animation_prop&quot;:&quot;transform&quot;,&quot;jet_parallax_layout_on&quot;:[&quot;desktop&quot;,&quot;tablet&quot;]}]}\">\n\t\t\t\t\t\t<div class=\"elementor-container elementor-column-gap-default\">\n\t\t\t\t\t<div class=\"elementor-column elementor-col-100 elementor-top-column elementor-element elementor-element-093923a\" data-id=\"093923a\" data-element_type=\"column\" data-e-type=\"column\">\n\t\t\t<div class=\"elementor-widget-wrap elementor-element-populated\">\n\t\t\t\t\t\t<div class=\"elementor-element elementor-element-1e52787 elementor-widget elementor-widget-image\" data-id=\"1e52787\" data-element_type=\"widget\" data-e-type=\"widget\" data-widget_type=\"image.default\">\n\t\t\t\t<div class=\"elementor-widget-container\">\n\t\t\t\t\t\t\t\t\t\t\t\t\t\t\t<img fetchpriority=\"high\" decoding=\"async\" width=\"1200\" height=\"628\" src=\"https:\/\/nafrottawa.com\/wp-content\/uploads\/RONA.jpeg-1.webp\" class=\"attachment-full size-full wp-image-8599\" alt=\"\" srcset=\"https:\/\/nafrottawa.com\/wp-content\/uploads\/RONA.jpeg-1.webp 1200w, https:\/\/nafrottawa.com\/wp-content\/uploads\/RONA.jpeg-1-300x157.webp 300w, https:\/\/nafrottawa.com\/wp-content\/uploads\/RONA.jpeg-1-1024x536.webp 1024w, https:\/\/nafrottawa.com\/wp-content\/uploads\/RONA.jpeg-1-768x402.webp 768w\" sizes=\"(max-width: 1200px) 100vw, 1200px\" \/>\t\t\t\t\t\t\t\t\t\t\t\t\t\t\t<\/div>\n\t\t\t\t<\/div>\n\t\t\t\t<div class=\"elementor-element elementor-element-39eaa89 elementor-widget elementor-widget-text-editor\" data-id=\"39eaa89\" data-element_type=\"widget\" data-e-type=\"widget\" data-widget_type=\"text-editor.default\">\n\t\t\t\t<div class=\"elementor-widget-container\">\n\t\t\t\t\t\t\t\t\t<p>Obtenez un rabais de 3 % sur vos achats en magasin lorsque vous pr\u00e9sentez votre carte de membre de l\u2019Association \u00e0 la caisse. Ce rabais ne peut \u00eatre jumel\u00e9 \u00e0 aucune autre offre ou promotion.<\/p>\n<p>Lorsque vous pr\u00e9sentez votre carte de membre \u00e0 la caisse en s\u2019identifiant comme membre de l\u2019Association nationale des retrait\u00e9s f\u00e9d\u00e9raux, il peut \u00eatre utile de mentionner notre ancien nom en anglais, soit Federal Superannuates National Association, ou FSNA. <\/p>\n<p>Par l\u2019entremise d\u2019une entente administrative qui a pour but de compenser les d\u00e9penses encourues par l\u2019Association, RONA fournit 2% du prix d\u2019achat \u00e0 l\u2019Association National des Retrait\u00e9s F\u00e9d\u00e9raux. Ce revenu est d\u00e9pos\u00e9 \u00e0 la r\u00e9serve de fond pour la d\u00e9fense des b\u00e9n\u00e9fices. Cette r\u00e9serve peut strictement \u00eatre utilis\u00e9e en guise d\u2019initiatives qui promeuvent et prot\u00e8gent significativement la pension et les b\u00e9n\u00e9fices de sant\u00e9 f\u00e9d\u00e9raux. Par exemple le d\u00e9fi du tribunal continu du RSSFP.<\/p>\n\t\t\t\t\t\t\t\t<\/div>\n\t\t\t\t<\/div>\n\t\t\t\t\t<\/div>\n\t\t<\/div>\n\t\t\t\t\t<\/div>\n\t\t<\/section>\n\t\t\t\t<\/div>\n\t\t","protected":false},"excerpt":{"rendered":"<p>Obtenez un rabais de 3 % sur vos achats en magasin lorsque vous pr\u00e9sentez votre carte de membre de l\u2019Association \u00e0 la caisse. Ce rabais ne peut \u00eatre jumel\u00e9 \u00e0 aucune autre offre ou promotion. Lorsque vous pr\u00e9sentez votre carte de membre \u00e0 la caisse en s\u2019identifiant comme membre de l\u2019Association nationale des retrait\u00e9s f\u00e9d\u00e9raux, [&hellip;]<\/p>\n","protected":false},"author":5,"featured_media":8513,"parent":0,"menu_order":3,"comment_status":"closed","ping_status":"closed","template":"","meta":{"footnotes":""},"class_list":["post-8770","page","type-page","status-publish","has-post-thumbnail","hentry"],"_links":{"self":[{"href":"https:\/\/nafrottawa.com\/fr\/wp-json\/wp\/v2\/pages\/8770","targetHints":{"allow":["GET"]}}],"collection":[{"href":"https:\/\/nafrottawa.com\/fr\/wp-json\/wp\/v2\/pages"}],"about":[{"href":"https:\/\/nafrottawa.com\/fr\/wp-json\/wp\/v2\/types\/page"}],"author":[{"embeddable":true,"href":"https:\/\/nafrottawa.com\/fr\/wp-json\/wp\/v2\/users\/5"}],"replies":[{"embeddable":true,"href":"https:\/\/nafrottawa.com\/fr\/wp-json\/wp\/v2\/comments?post=8770"}],"version-history":[{"count":0,"href":"https:\/\/nafrottawa.com\/fr\/wp-json\/wp\/v2\/pages\/8770\/revisions"}],"wp:featuredmedia":[{"embeddable":true,"href":"https:\/\/nafrottawa.com\/fr\/wp-json\/wp\/v2\/media\/8513"}],"wp:attachment":[{"href":"https:\/\/nafrottawa.com\/fr\/wp-json\/wp\/v2\/media?parent=8770"}],"curies":[{"name":"wp","href":"https:\/\/api.w.org\/{rel}","templated":true}]}}