{"id":8764,"date":"2020-12-06T14:12:45","date_gmt":"2020-12-06T14:12:45","guid":{"rendered":"https:\/\/nafrottawa.com\/politique-de-confidentialite\/"},"modified":"2023-06-19T20:31:10","modified_gmt":"2023-06-19T20:31:10","slug":"politique-de-confidentialite","status":"publish","type":"page","link":"https:\/\/nafrottawa.com\/fr\/politique-de-confidentialite\/","title":{"rendered":"Politique de confidentialit\u00e9"},"content":{"rendered":"\t\t<div data-elementor-type=\"wp-page\" data-elementor-id=\"8764\" class=\"elementor elementor-8764 elementor-1098\" data-elementor-post-type=\"page\">\n\t\t\t\t\t\t<section class=\"elementor-section elementor-top-section elementor-element elementor-element-7772f870 elementor-section-boxed elementor-section-height-default elementor-section-height-default\" data-id=\"7772f870\" data-element_type=\"section\" data-e-type=\"section\" data-settings=\"{&quot;background_background&quot;:&quot;classic&quot;,&quot;jet_parallax_layout_list&quot;:[{&quot;jet_parallax_layout_image&quot;:{&quot;url&quot;:&quot;&quot;,&quot;id&quot;:&quot;&quot;,&quot;size&quot;:&quot;&quot;},&quot;_id&quot;:&quot;01eae07&quot;,&quot;jet_parallax_layout_image_tablet&quot;:{&quot;url&quot;:&quot;&quot;,&quot;id&quot;:&quot;&quot;,&quot;size&quot;:&quot;&quot;},&quot;jet_parallax_layout_image_mobile&quot;:{&quot;url&quot;:&quot;&quot;,&quot;id&quot;:&quot;&quot;,&quot;size&quot;:&quot;&quot;},&quot;jet_parallax_layout_speed&quot;:{&quot;unit&quot;:&quot;%&quot;,&quot;size&quot;:50,&quot;sizes&quot;:[]},&quot;jet_parallax_layout_type&quot;:&quot;scroll&quot;,&quot;jet_parallax_layout_direction&quot;:&quot;1&quot;,&quot;jet_parallax_layout_fx_direction&quot;:null,&quot;jet_parallax_layout_z_index&quot;:&quot;&quot;,&quot;jet_parallax_layout_bg_x&quot;:50,&quot;jet_parallax_layout_bg_x_tablet&quot;:&quot;&quot;,&quot;jet_parallax_layout_bg_x_mobile&quot;:&quot;&quot;,&quot;jet_parallax_layout_bg_y&quot;:50,&quot;jet_parallax_layout_bg_y_tablet&quot;:&quot;&quot;,&quot;jet_parallax_layout_bg_y_mobile&quot;:&quot;&quot;,&quot;jet_parallax_layout_bg_size&quot;:&quot;auto&quot;,&quot;jet_parallax_layout_bg_size_tablet&quot;:&quot;&quot;,&quot;jet_parallax_layout_bg_size_mobile&quot;:&quot;&quot;,&quot;jet_parallax_layout_animation_prop&quot;:&quot;transform&quot;,&quot;jet_parallax_layout_on&quot;:[&quot;desktop&quot;,&quot;tablet&quot;]}]}\">\n\t\t\t\t\t\t\t<div class=\"elementor-background-overlay\"><\/div>\n\t\t\t\t\t\t\t<div class=\"elementor-container elementor-column-gap-default\">\n\t\t\t\t\t<div class=\"elementor-column elementor-col-100 elementor-top-column elementor-element elementor-element-462c8981\" data-id=\"462c8981\" data-element_type=\"column\" data-e-type=\"column\">\n\t\t\t<div class=\"elementor-widget-wrap elementor-element-populated\">\n\t\t\t\t\t\t<div class=\"elementor-element elementor-element-e646d9d elementor-widget elementor-widget-heading\" data-id=\"e646d9d\" data-element_type=\"widget\" data-e-type=\"widget\" data-widget_type=\"heading.default\">\n\t\t\t\t<div class=\"elementor-widget-container\">\n\t\t\t\t\t<h1 class=\"elementor-heading-title elementor-size-default\">Politique de confidentialit\u00e9<\/h1>\t\t\t\t<\/div>\n\t\t\t\t<\/div>\n\t\t\t\t\t<\/div>\n\t\t<\/div>\n\t\t\t\t\t<\/div>\n\t\t<\/section>\n\t\t\t\t<section class=\"elementor-section elementor-top-section elementor-element elementor-element-bb56e5e elementor-section-boxed elementor-section-height-default elementor-section-height-default\" data-id=\"bb56e5e\" data-element_type=\"section\" data-e-type=\"section\" data-settings=\"{&quot;jet_parallax_layout_list&quot;:[{&quot;jet_parallax_layout_image&quot;:{&quot;url&quot;:&quot;&quot;,&quot;id&quot;:&quot;&quot;,&quot;size&quot;:&quot;&quot;},&quot;_id&quot;:&quot;b1d129a&quot;,&quot;jet_parallax_layout_image_tablet&quot;:{&quot;url&quot;:&quot;&quot;,&quot;id&quot;:&quot;&quot;,&quot;size&quot;:&quot;&quot;},&quot;jet_parallax_layout_image_mobile&quot;:{&quot;url&quot;:&quot;&quot;,&quot;id&quot;:&quot;&quot;,&quot;size&quot;:&quot;&quot;},&quot;jet_parallax_layout_speed&quot;:{&quot;unit&quot;:&quot;%&quot;,&quot;size&quot;:50,&quot;sizes&quot;:[]},&quot;jet_parallax_layout_type&quot;:&quot;scroll&quot;,&quot;jet_parallax_layout_direction&quot;:&quot;1&quot;,&quot;jet_parallax_layout_fx_direction&quot;:null,&quot;jet_parallax_layout_z_index&quot;:&quot;&quot;,&quot;jet_parallax_layout_bg_x&quot;:50,&quot;jet_parallax_layout_bg_x_tablet&quot;:&quot;&quot;,&quot;jet_parallax_layout_bg_x_mobile&quot;:&quot;&quot;,&quot;jet_parallax_layout_bg_y&quot;:50,&quot;jet_parallax_layout_bg_y_tablet&quot;:&quot;&quot;,&quot;jet_parallax_layout_bg_y_mobile&quot;:&quot;&quot;,&quot;jet_parallax_layout_bg_size&quot;:&quot;auto&quot;,&quot;jet_parallax_layout_bg_size_tablet&quot;:&quot;&quot;,&quot;jet_parallax_layout_bg_size_mobile&quot;:&quot;&quot;,&quot;jet_parallax_layout_animation_prop&quot;:&quot;transform&quot;,&quot;jet_parallax_layout_on&quot;:[&quot;desktop&quot;,&quot;tablet&quot;]}]}\">\n\t\t\t\t\t\t<div class=\"elementor-container elementor-column-gap-default\">\n\t\t\t\t\t<div class=\"elementor-column elementor-col-100 elementor-top-column elementor-element elementor-element-b850db2\" data-id=\"b850db2\" data-element_type=\"column\" data-e-type=\"column\">\n\t\t\t<div class=\"elementor-widget-wrap elementor-element-populated\">\n\t\t\t\t\t\t<div class=\"elementor-element elementor-element-b9e55f7 elementor-widget elementor-widget-text-editor\" data-id=\"b9e55f7\" data-element_type=\"widget\" data-e-type=\"widget\" data-widget_type=\"text-editor.default\">\n\t\t\t\t<div class=\"elementor-widget-container\">\n\t\t\t\t\t\t\t\t\t<p><b>Remarque:<\/b><\/p>\n<p><span style=\"font-weight: 400;\">La section d&rsquo;Ottawa est une section \u00e0 charte de l&rsquo;Association nationale des retrait\u00e9s f\u00e9d\u00e9raux qui fonctionne conform\u00e9ment \u00e0 la d\u00e9claration de confidentialit\u00e9 du site Web de l&rsquo;Association nationale que l&rsquo;on peut trouver<\/span> <a href=\"https:\/\/www.federalretirees.ca\/en\/At-a-Glance\/Privacy-Statement\" target=\"_blank\" rel=\"noopener\"><span style=\"font-weight: 400;\">ici<\/span><\/a><span style=\"font-weight: 400;\"> <\/span><\/p>\n<p><b>Politique de confidentialit\u00e9 relative au site Web de la Section d\u2019Ottawa<\/b><\/p>\n<p><span style=\"font-weight: 400;\">La protection de la vie priv\u00e9e des personnes qui consultent le site Web de la Section d\u2019Ottawa (https:\/\/nafrottawa.com\/) est l\u2019une de nos priorit\u00e9s. Cette politique de confidentialit\u00e9 pr\u00e9sente les types de donn\u00e9es collect\u00e9es et conserv\u00e9es par le site Web de la Section d\u2019Ottawa et la mani\u00e8re dont la Section les utilise.<\/span><\/p>\n<p><span style=\"font-weight: 400;\">N\u2019h\u00e9sitez pas \u00e0 nous contacter pour en savoir plus sur notre politique de confidentialit\u00e9.<\/span><\/p>\n<p><span style=\"font-weight: 400;\">La politique de confidentialit\u00e9 s\u2019applique uniquement \u00e0 nos activit\u00e9s en ligne et ne concerne que les visiteurs de notre site Web en ce qui a trait \u00e0 l\u2019information qu\u2019ils ont fournie ou collect\u00e9e sur le site Web de la Section d\u2019Ottawa. Elle ne s\u2019applique pas aux renseignements collect\u00e9s hors ligne ou par l\u2019interm\u00e9diaire d\u2019autres canaux que le pr\u00e9sent site Web.<\/span><\/p>\n<p><b>Consentement<\/b><\/p>\n<p><span style=\"font-weight: 400;\">En utilisant notre site Web, vous acceptez notre politique de confidentialit\u00e9 et ses conditions.<\/span><\/p>\n<p><b>Donn\u00e9es collect\u00e9es<\/b><\/p>\n<p><span style=\"font-weight: 400;\">Les renseignements personnels qui vont sont demand\u00e9s \u2013 et les motifs connexes \u2013 vous seront clairement indiqu\u00e9s au moment o\u00f9 nous vous les demanderons.<\/span><\/p>\n<p><span style=\"font-weight: 400;\">Si vous nous contactez directement, il se peut que nous recevions des renseignements suppl\u00e9mentaires vous concernant, comme votre nom, votre adresse \u00e9lectronique, votre num\u00e9ro de t\u00e9l\u00e9phone, le contenu de votre message ou les pi\u00e8ces jointes envoy\u00e9es, ainsi que toute autre information que vous choisissez de nous transmettre.<\/span><\/p>\n<p><span style=\"font-weight: 400;\">Lorsque vous cr\u00e9ez un compte, nous pouvons vous demander vos coordonn\u00e9es, p. ex., votre nom, la raison sociale de votre entreprise, votre adresse, votre adresse \u00e9lectronique et votre num\u00e9ro de t\u00e9l\u00e9phone.<\/span><\/p>\n<p><b>Utilisation de vos donn\u00e9es<\/b><\/p>\n<p><span style=\"font-weight: 400;\">Nous utilisons les donn\u00e9es collect\u00e9es de diff\u00e9rentes mani\u00e8res, y compris pour :<\/span><\/p>\n<ul>\n<li style=\"font-weight: 400;\" aria-level=\"1\"><span style=\"font-weight: 400;\">approvisionner et exploiter notre site Web, et le mettre \u00e0 jour;<\/span><\/li>\n<li style=\"font-weight: 400;\" aria-level=\"1\"><span style=\"font-weight: 400;\">am\u00e9liorer et personnaliser notre site Web, et y ajouter du contenu;<\/span><\/li>\n<li style=\"font-weight: 400;\" aria-level=\"1\"><span style=\"font-weight: 400;\">comprendre et analyser votre utilisation de notre site Web;<\/span><\/li>\n<li style=\"font-weight: 400;\" aria-level=\"1\"><span style=\"font-weight: 400;\">cr\u00e9er des produits, des services, des fonctions et des fonctionnalit\u00e9s;<\/span><\/li>\n<li style=\"font-weight: 400;\" aria-level=\"1\"><span style=\"font-weight: 400;\">communiquer avec vous, directement ou par l\u2019interm\u00e9diaire de l\u2019un de nos partenaires, notamment dans le cadre du service \u00e0 la client\u00e8le, pour vous tenir inform\u00e9 et vous transmettre d\u2019autres informations li\u00e9es au site Web, et \u00e0 des fins commerciales et promotionnelles;<\/span><\/li>\n<li style=\"font-weight: 400;\" aria-level=\"1\"><span style=\"font-weight: 400;\">vous envoyer des courriels;<\/span><\/li>\n<li style=\"font-weight: 400;\" aria-level=\"1\"><span style=\"font-weight: 400;\">d\u00e9tecter et pr\u00e9venir les activit\u00e9s frauduleuses.<\/span><\/li>\n<\/ul>\n<p><b>Fichiers journaux<\/b><\/p>\n<p><span style=\"font-weight: 400;\">Le site Web de la Section d&rsquo;Ottawa suit une proc\u00e9dure standard d&rsquo;utilisation de fichiers journaux. Ces fichiers enregistrent les visiteurs lorsqu&rsquo;ils se rendent sur des sites Web. Toutes les compagnies d&rsquo;h\u00e9bergement le font dans le cadre de l&rsquo;analyse des services d&rsquo;h\u00e9bergement. Les renseignements recueillis par les fichiers journaux comprennent les adresses de protocole Internet (IP), le type de navigateur, le fournisseur de services Internet (FSI), la date et l&rsquo;heure, les pages de renvoi et de sortie, et peut-\u00eatre le nombre de clics. Ces donn\u00e9es ne sont pas li\u00e9es \u00e0 des informations permettant d&rsquo;identifier une personne. L&rsquo;objectif de ces informations est d&rsquo;analyser les tendances, d&rsquo;administrer le site, de suivre les mouvements des utilisateurs sur le site et de recueillir des informations d\u00e9mographiques.<\/span><\/p>\n<p><b>Cookies et balises Web<\/b><\/p>\n<p><span style=\"font-weight: 400;\">Comme tout autre site Web, celui de la Section d&rsquo;Ottawa utilise des \u00a0\u00bb t\u00e9moins \u00ab\u00a0. Ces t\u00e9moins sont utilis\u00e9s pour stocker des renseignements, notamment les pr\u00e9f\u00e9rences des visiteurs et les pages du site Web auxquelles le visiteur a acc\u00e9d\u00e9 ou qu&rsquo;il a visit\u00e9es L&rsquo;information est utilis\u00e9e pour optimiser l&rsquo;exp\u00e9rience des utilisateurs en personnalisant le contenu de nos pages Web en fonction du type de navigateur des visiteurs et\/ou d&rsquo;autres renseignements.<\/span><\/p>\n<p><span style=\"font-weight: 400;\">Pour des informations plus g\u00e9n\u00e9rales sur les cookies, veuillez lire l&rsquo;article \u00ab\u00a0Cookies\u00a0\u00bb<\/span> <a href=\"https:\/\/www.generateprivacypolicy.com\/#cookies\" target=\"_blank\" rel=\"noopener\"><span style=\"font-weight: 400;\">du g\u00e9n\u00e9rateur de politiques de confidentialit\u00e9<\/span><\/a><span style=\"font-weight: 400;\">.<\/span><\/p>\n<p><b>Cookie DART DoubleClick de Google<\/b><\/p>\n<p><span style=\"font-weight: 400;\">Google est un fournisseur tiers sur notre site. Il utilise \u00e9galement des cookies, connus sous le nom de cookies DART, pour diffuser des annonces aux visiteurs de notre site en fonction de leur visite sur www.website.com et d&rsquo;autres sites sur Internet. Toutefois, les visiteurs peuvent choisir de refuser l&rsquo;utilisation des cookies DART en consultant les r\u00e8gles de confidentialit\u00e9 du r\u00e9seau de contenu et d&rsquo;annonces de Google \u00e0 l&rsquo;adresse suivante : www.google. com. https:\/\/policies.google.com\/technologies\/ads <\/span><a href=\"https:\/\/policies.google.com\/technologies\/ads\" target=\"_blank\" rel=\"noopener\"><span style=\"font-weight: 400;\">https:\/\/policies.google.com\/technologies\/ads<\/span><\/a><\/p>\n<p><b>Partenaires publicitaires <\/b><\/p>\n<p><span style=\"font-weight: 400;\">Il se peut que certains annonceurs sur notre site utilisent des cookies et des balises Web. Nos partenaires publicitaires sont r\u00e9pertori\u00e9s ci-apr\u00e8s. Chacun d\u2019entre eux poss\u00e8de sa propre politique de confidentialit\u00e9 en ce qui concerne les donn\u00e9es des utilisateurs Nous avons indiqu\u00e9 ci-dessous les liens vers leurs politiques de confidentialit\u00e9 pour que vous puissiez les consulter plus facilement.<\/span><\/p>\n<ul>\n<li style=\"font-weight: 400;\" aria-level=\"1\"><span style=\"font-weight: 400;\">Google<\/span><\/li>\n<\/ul>\n<p><a href=\"https:\/\/policies.google.com\/technologies\/ads\" target=\"_blank\" rel=\"noopener\"><span style=\"font-weight: 400;\">https:\/\/policies.google.com\/technologies\/ads<\/span><\/a><\/p>\n<p><b>Politiques de confidentialit\u00e9 des partenaires publicitaires<\/b><\/p>\n<p><span style=\"font-weight: 400;\">Vous trouverez dans cette liste les politiques de confidentialit\u00e9 de chaque partenaire publicitaire du site Web de la Section d\u2019Ottawa.<\/span><\/p>\n<p><span style=\"font-weight: 400;\">Des serveurs publicitaires ou des r\u00e9seaux publicitaires tiers utilisent des technologies comme les cookies, le JavaScript ou les pixels invisibles qui sont utilis\u00e9s dans leurs publicit\u00e9s et liens respectifs qui apparaissent sur le site Web de la Section d&rsquo;Ottawa et qui sont envoy\u00e9s directement au navigateur des utilisateurs. Ils re\u00e7oivent automatiquement votre adresse IP lorsque cela se produit. Ces technologies sont utilis\u00e9es pour mesurer l&rsquo;efficacit\u00e9 de leurs campagnes publicitaires et\/ou pour personnaliser le contenu publicitaire que vous voyez sur les sites Web que vous visitez.<\/span><\/p>\n<p><span style=\"font-weight: 400;\">Veuillez noter que le site Web de la Section d\u2019Ottawa ne dispose d\u2019aucun acc\u00e8s aux cookies utilis\u00e9s par les annonceurs tiers et ne peut pas les contr\u00f4ler.<\/span><\/p>\n<p><b>Politiques de confidentialit\u00e9 des tiers<\/b><\/p>\n<p><span style=\"font-weight: 400;\">La politique de confidentialit\u00e9 du site Web de la Section d&rsquo;Ottawa ne s&rsquo;applique pas aux autres annonceurs ou sites Web. Nous vous conseillons donc de consulter les politiques de confidentialit\u00e9 respectives de ces serveurs publicitaires tiers pour obtenir des informations plus d\u00e9taill\u00e9es. Il peut s&rsquo;agir de leurs pratiques et d&rsquo;instructions sur la fa\u00e7on de refuser certaines options.<\/span><\/p>\n<p><span style=\"font-weight: 400;\">Vous pouvez choisir de d\u00e9sactiver les cookies par le biais des options de votre navigateur individuel. Pour conna\u00eetre des informations plus d\u00e9taill\u00e9es sur la gestion des cookies avec des navigateurs web sp\u00e9cifiques, vous pouvez consulter les sites web respectifs de ces navigateurs.<\/span><\/p>\n<p><b>Droits en mati\u00e8re de confidentialit\u00e9 en vertu de la California Consumer Privacy Act [CCPA] (interdiction de vendre des renseignements personnels)<\/b><\/p>\n<p><span style=\"font-weight: 400;\">En vertu de la CCPA, les r\u00e9sidents de l\u2019\u00e9tat de la Californie disposent notamment des droits suivants :<\/span><\/p>\n<p><span style=\"font-weight: 400;\">Demander \u00e0 une entreprise qui collecte les donn\u00e9es personnelles d&rsquo;un consommateur de divulguer les cat\u00e9gories et les \u00e9l\u00e9ments sp\u00e9cifiques des donn\u00e9es personnelles qu&rsquo;elle a collect\u00e9es sur les consommateurs.<\/span><\/p>\n<p><span style=\"font-weight: 400;\">exiger la suppression de tout renseignement personnel collect\u00e9 par une entreprise au sujet du consommateur;<\/span><\/p>\n<p><span style=\"font-weight: 400;\">Demandez qu&rsquo;une entreprise qui vend les donn\u00e9es personnelles d&rsquo;un consommateur ne vende pas les donn\u00e9es personnelles de ce dernier.<\/span><\/p>\n<p><span style=\"font-weight: 400;\">Nous disposons d\u2019un mois pour r\u00e9pondre \u00e0 toute requ\u00eate de votre part. Si vous souhaitez faire valoir l\u2019un de ces droits, quel qu\u2019il soit, veuillez nous contacter.<\/span><\/p>\n<p><b>Droits en vertu du R\u00e8glement g\u00e9n\u00e9ral sur la protection des donn\u00e9es<\/b><\/p>\n<p><span style=\"font-weight: 400;\">Nous souhaitons nous assurer que vous connaissez tous vos droits en mati\u00e8re de protection des donn\u00e9es. Chaque utilisateur peut se pr\u00e9valoir des droits suivants :<\/span><\/p>\n<p><span style=\"font-weight: 400;\">Le droit d&rsquo;acc\u00e8s &#8211; Vous avez le droit de demander des copies de vos donn\u00e9es personnelles. Il se peut que nous vous facturions une petite somme pour ce service.<\/span><\/p>\n<p><span style=\"font-weight: 400;\">Le droit de rectification &#8211; Vous avez le droit de nous demander de corriger toute information que vous jugez inexacte. Vous avez \u00e9galement le droit de nous demander de compl\u00e9ter les informations qui, selon vous, sont incompl\u00e8tes.<\/span><\/p>\n<p><span style=\"font-weight: 400;\">Le droit \u00e0 l&rsquo;effacement &#8211; Vous avez le droit de nous demander d&rsquo;effacer vos donn\u00e9es personnelles, sous certaines conditions.<\/span><\/p>\n<p><span style=\"font-weight: 400;\">Le droit de restreindre le traitement &#8211; Vous avez le droit de nous demander de restreindre le traitement de vos donn\u00e9es personnelles, sous certaines conditions.<\/span><\/p>\n<p><span style=\"font-weight: 400;\">Le droit de s&rsquo;opposer au traitement &#8211; Vous avez le droit de vous opposer \u00e0 notre traitement de vos donn\u00e9es personnelles, sous certaines conditions.<\/span><\/p>\n<p><span style=\"font-weight: 400;\">Le droit \u00e0 la portabilit\u00e9 des donn\u00e9es &#8211; Vous avez le droit de nous demander de transf\u00e9rer les donn\u00e9es que nous avons collect\u00e9es \u00e0 une autre organisation, ou directement \u00e0 vous, sous certaines conditions.<\/span><\/p>\n<p><span style=\"font-weight: 400;\">Nous disposons d\u2019un mois pour r\u00e9pondre \u00e0 toute requ\u00eate de votre part. Si vous souhaitez faire valoir l\u2019un de ces droits, quel qu\u2019il soit, veuillez nous contacter.<\/span><\/p>\n<p><b>Informations pour les enfants<\/b><\/p>\n<p><span style=\"font-weight: 400;\">La protection accrue des enfants qui utilisent Internet fait \u00e9galement partie de nos priorit\u00e9s. Nous encourageons les parents et tuteurs \u00e0 observer les activit\u00e9s de leurs enfants en ligne, \u00e0 y participer, et \u00e0 les surveiller et les orienter.<\/span><\/p>\n<p><span style=\"font-weight: 400;\">Le site Web de la Section d\u2019Ottawa ne collecte pas sciemment de renseignements personnels li\u00e9s \u00e0 l\u2019identit\u00e9 aupr\u00e8s d\u2019enfants de moins de 13 ans. Si vous pensez que votre enfant a fourni ce type de renseignements sur notre site Web, nous vous encourageons fortement \u00e0 nous contacter imm\u00e9diatement et nous mettrons tout en \u0153uvre pour supprimer sur-le-champ ces donn\u00e9es de nos dossiers.<\/span><\/p>\n<p><span style=\"font-weight: 400;\">Si vous avez des questions ou des pr\u00e9occupations au sujet de la politique et des pratiques de confidentialit\u00e9 du site Web de la Section d\u2019Ottawa, vous pouvez contacter directement notre bureau par courriel \u00e0 l\u2019adresse<\/span> <a href=\"mailto:info@nafrottawa.com\"><span style=\"font-weight: 400;\">info@nafrottawa.com.<\/span><\/a> <span style=\"font-weight: 400;\"><\/span><\/p>\n<p><b>H\u00e9bergement Web<\/b><\/p>\n<p><span style=\"font-weight: 400;\">Ce site web est h\u00e9berg\u00e9 par<\/span> <a href=\"https:\/\/www.cloudways.com\/en\/\" target=\"_blank\" rel=\"noopener\"><span style=\"font-weight: 400;\">Cloudways<\/span><\/a>.<span style=\"font-weight: 400;\">. Pour lire la politique de confidentialit\u00e9 de Cloudways <\/span><a href=\"https:\/\/www.cloudways.com\/en\/terms.php#privacy\" target=\"_blank\" rel=\"noopener\"><span style=\"font-weight: 400;\">cliquez ici<\/span><\/a><span style=\"font-weight: 400;\"><\/span><\/p>\n\t\t\t\t\t\t\t\t<\/div>\n\t\t\t\t<\/div>\n\t\t\t\t\t<\/div>\n\t\t<\/div>\n\t\t\t\t\t<\/div>\n\t\t<\/section>\n\t\t\t\t<\/div>\n\t\t","protected":false},"excerpt":{"rendered":"<p>Politique de confidentialit\u00e9 Remarque: La section d&rsquo;Ottawa est une section \u00e0 charte de l&rsquo;Association nationale des retrait\u00e9s f\u00e9d\u00e9raux qui fonctionne conform\u00e9ment \u00e0 la d\u00e9claration de confidentialit\u00e9 du site Web de l&rsquo;Association nationale que l&rsquo;on peut trouver ici Politique de confidentialit\u00e9 relative au site Web de la Section d\u2019Ottawa La protection de la vie priv\u00e9e des [&hellip;]<\/p>\n","protected":false},"author":5,"featured_media":8432,"parent":0,"menu_order":9,"comment_status":"closed","ping_status":"closed","template":"","meta":{"footnotes":""},"class_list":["post-8764","page","type-page","status-publish","has-post-thumbnail","hentry"],"_links":{"self":[{"href":"https:\/\/nafrottawa.com\/fr\/wp-json\/wp\/v2\/pages\/8764","targetHints":{"allow":["GET"]}}],"collection":[{"href":"https:\/\/nafrottawa.com\/fr\/wp-json\/wp\/v2\/pages"}],"about":[{"href":"https:\/\/nafrottawa.com\/fr\/wp-json\/wp\/v2\/types\/page"}],"author":[{"embeddable":true,"href":"https:\/\/nafrottawa.com\/fr\/wp-json\/wp\/v2\/users\/5"}],"replies":[{"embeddable":true,"href":"https:\/\/nafrottawa.com\/fr\/wp-json\/wp\/v2\/comments?post=8764"}],"version-history":[{"count":0,"href":"https:\/\/nafrottawa.com\/fr\/wp-json\/wp\/v2\/pages\/8764\/revisions"}],"wp:featuredmedia":[{"embeddable":true,"href":"https:\/\/nafrottawa.com\/fr\/wp-json\/wp\/v2\/media\/8432"}],"wp:attachment":[{"href":"https:\/\/nafrottawa.com\/fr\/wp-json\/wp\/v2\/media?parent=8764"}],"curies":[{"name":"wp","href":"https:\/\/api.w.org\/{rel}","templated":true}]}}