{"id":8762,"date":"2023-03-13T13:55:58","date_gmt":"2023-03-13T13:55:58","guid":{"rendered":"https:\/\/nafrottawa.com\/ottawa-senators-discount\/"},"modified":"2023-09-29T13:38:08","modified_gmt":"2023-09-29T13:38:08","slug":"ottawa-senators-discount","status":"publish","type":"page","link":"https:\/\/nafrottawa.com\/fr\/ottawa-senators-discount\/","title":{"rendered":"Rabais pour les S\u00e9nateurs d&rsquo;Ottawa"},"content":{"rendered":"\t\t<div data-elementor-type=\"wp-page\" data-elementor-id=\"8762\" class=\"elementor elementor-8762\" data-elementor-post-type=\"page\">\n\t\t\t\t\t\t<section class=\"elementor-section elementor-top-section elementor-element elementor-element-e07aeb7 elementor-section-boxed elementor-section-height-default elementor-section-height-default\" data-id=\"e07aeb7\" data-element_type=\"section\" data-e-type=\"section\" data-settings=\"{&quot;jet_parallax_layout_list&quot;:[{&quot;jet_parallax_layout_image&quot;:{&quot;url&quot;:&quot;&quot;,&quot;id&quot;:&quot;&quot;,&quot;size&quot;:&quot;&quot;},&quot;_id&quot;:&quot;3f98bd5&quot;,&quot;jet_parallax_layout_image_tablet&quot;:{&quot;url&quot;:&quot;&quot;,&quot;id&quot;:&quot;&quot;,&quot;size&quot;:&quot;&quot;},&quot;jet_parallax_layout_image_mobile&quot;:{&quot;url&quot;:&quot;&quot;,&quot;id&quot;:&quot;&quot;,&quot;size&quot;:&quot;&quot;},&quot;jet_parallax_layout_speed&quot;:{&quot;unit&quot;:&quot;%&quot;,&quot;size&quot;:50,&quot;sizes&quot;:[]},&quot;jet_parallax_layout_type&quot;:&quot;scroll&quot;,&quot;jet_parallax_layout_direction&quot;:&quot;1&quot;,&quot;jet_parallax_layout_fx_direction&quot;:null,&quot;jet_parallax_layout_z_index&quot;:&quot;&quot;,&quot;jet_parallax_layout_bg_x&quot;:50,&quot;jet_parallax_layout_bg_x_tablet&quot;:&quot;&quot;,&quot;jet_parallax_layout_bg_x_mobile&quot;:&quot;&quot;,&quot;jet_parallax_layout_bg_y&quot;:50,&quot;jet_parallax_layout_bg_y_tablet&quot;:&quot;&quot;,&quot;jet_parallax_layout_bg_y_mobile&quot;:&quot;&quot;,&quot;jet_parallax_layout_bg_size&quot;:&quot;auto&quot;,&quot;jet_parallax_layout_bg_size_tablet&quot;:&quot;&quot;,&quot;jet_parallax_layout_bg_size_mobile&quot;:&quot;&quot;,&quot;jet_parallax_layout_animation_prop&quot;:&quot;transform&quot;,&quot;jet_parallax_layout_on&quot;:[&quot;desktop&quot;,&quot;tablet&quot;]}]}\">\n\t\t\t\t\t\t<div class=\"elementor-container elementor-column-gap-default\">\n\t\t\t\t\t<div class=\"elementor-column elementor-col-100 elementor-top-column elementor-element elementor-element-093923a\" data-id=\"093923a\" data-element_type=\"column\" data-e-type=\"column\">\n\t\t\t<div class=\"elementor-widget-wrap elementor-element-populated\">\n\t\t\t\t\t\t<div class=\"elementor-element elementor-element-1e52787 elementor-widget elementor-widget-image\" data-id=\"1e52787\" data-element_type=\"widget\" data-e-type=\"widget\" data-widget_type=\"image.default\">\n\t\t\t\t<div class=\"elementor-widget-container\">\n\t\t\t\t\t\t\t\t\t\t\t\t\t\t\t<img fetchpriority=\"high\" decoding=\"async\" width=\"1200\" height=\"954\" src=\"https:\/\/nafrottawa.com\/wp-content\/uploads\/Ottawa_Senators_2020-2021_logo.svg.png\" class=\"attachment-full size-full wp-image-8715\" alt=\"\" srcset=\"https:\/\/nafrottawa.com\/wp-content\/uploads\/Ottawa_Senators_2020-2021_logo.svg.png 1200w, https:\/\/nafrottawa.com\/wp-content\/uploads\/Ottawa_Senators_2020-2021_logo.svg-300x239.png 300w, https:\/\/nafrottawa.com\/wp-content\/uploads\/Ottawa_Senators_2020-2021_logo.svg-1024x814.png 1024w, https:\/\/nafrottawa.com\/wp-content\/uploads\/Ottawa_Senators_2020-2021_logo.svg-768x611.png 768w\" sizes=\"(max-width: 1200px) 100vw, 1200px\" \/>\t\t\t\t\t\t\t\t\t\t\t\t\t\t\t<\/div>\n\t\t\t\t<\/div>\n\t\t\t\t<div class=\"elementor-element elementor-element-39eaa89 elementor-widget elementor-widget-text-editor\" data-id=\"39eaa89\" data-element_type=\"widget\" data-e-type=\"widget\" data-widget_type=\"text-editor.default\">\n\t\t\t\t<div class=\"elementor-widget-container\">\n\t\t\t\t\t\t\t\t\t<p>Les membres de la Section d&rsquo;Ottawa peuvent maintenant b\u00e9n\u00e9ficier d&rsquo;un <b>rabais de 15 % sur&nbsp;<\/b>l&rsquo;achat de billets pour les matchs \u00e0 domicile des&nbsp;<b>S\u00e9nateurs d&rsquo;Ottawa<\/b>au cours de la saison 2023-2024 (\u00e0 l&rsquo;exception des matchs contre Montr\u00e9al et Toronto).<\/p>\n<p>Vous pouvez \u00e9galement louer des suites les soirs de match \u00e0 des prix habituellement r\u00e9serv\u00e9s aux membres du Club de hockey Les S\u00e9nateurs d&rsquo;Ottawa et vos demandes de suite seront trait\u00e9es en priorit\u00e9.<\/p>\n<p><b><a href=\"https:\/\/fevo.me\/nafr-ottawa\" target=\"_blank\" rel=\"noopener\">Cliquez ici&nbsp;pour acheter des billets avec une r\u00e9duction de 15%,<\/a><\/b>et contactez Rory Lantz \u00e0 l&rsquo;adresse <b>lantzr@ottawasenators.com <\/b>pour obtenir des informations sur les suites et en r\u00e9server une. N&rsquo;oubliez pas de mentionner que vous \u00eates membre de l&rsquo;Association.<\/p>\t\t\t\t\t\t\t\t<\/div>\n\t\t\t\t<\/div>\n\t\t\t\t\t<\/div>\n\t\t<\/div>\n\t\t\t\t\t<\/div>\n\t\t<\/section>\n\t\t\t\t<\/div>\n\t\t","protected":false},"excerpt":{"rendered":"<p>Les membres de la Section d&rsquo;Ottawa peuvent maintenant b\u00e9n\u00e9ficier d&rsquo;un rabais de 15 % sur&nbsp;l&rsquo;achat de billets pour les matchs \u00e0 domicile des&nbsp;S\u00e9nateurs d&rsquo;Ottawaau cours de la saison 2023-2024 (\u00e0 l&rsquo;exception des matchs contre Montr\u00e9al et Toronto). Vous pouvez \u00e9galement louer des suites les soirs de match \u00e0 des prix habituellement r\u00e9serv\u00e9s aux membres du [&hellip;]<\/p>\n","protected":false},"author":5,"featured_media":8513,"parent":0,"menu_order":3,"comment_status":"closed","ping_status":"closed","template":"","meta":{"footnotes":""},"class_list":["post-8762","page","type-page","status-publish","has-post-thumbnail","hentry"],"_links":{"self":[{"href":"https:\/\/nafrottawa.com\/fr\/wp-json\/wp\/v2\/pages\/8762","targetHints":{"allow":["GET"]}}],"collection":[{"href":"https:\/\/nafrottawa.com\/fr\/wp-json\/wp\/v2\/pages"}],"about":[{"href":"https:\/\/nafrottawa.com\/fr\/wp-json\/wp\/v2\/types\/page"}],"author":[{"embeddable":true,"href":"https:\/\/nafrottawa.com\/fr\/wp-json\/wp\/v2\/users\/5"}],"replies":[{"embeddable":true,"href":"https:\/\/nafrottawa.com\/fr\/wp-json\/wp\/v2\/comments?post=8762"}],"version-history":[{"count":0,"href":"https:\/\/nafrottawa.com\/fr\/wp-json\/wp\/v2\/pages\/8762\/revisions"}],"wp:featuredmedia":[{"embeddable":true,"href":"https:\/\/nafrottawa.com\/fr\/wp-json\/wp\/v2\/media\/8513"}],"wp:attachment":[{"href":"https:\/\/nafrottawa.com\/fr\/wp-json\/wp\/v2\/media?parent=8762"}],"curies":[{"name":"wp","href":"https:\/\/api.w.org\/{rel}","templated":true}]}}