{"id":8760,"date":"2022-02-02T19:57:28","date_gmt":"2022-02-02T19:57:28","guid":{"rendered":"https:\/\/nafrottawa.com\/nicole-foote-agent-officiel-pour-vision-travel\/"},"modified":"2025-07-03T13:43:08","modified_gmt":"2025-07-03T13:43:08","slug":"nicole-foote-agent-officiel-pour-vision-travel","status":"publish","type":"page","link":"https:\/\/nafrottawa.com\/fr\/nicole-foote-agent-officiel-pour-vision-travel\/","title":{"rendered":"Nicole Foote : agent officiel pour Vision Travel"},"content":{"rendered":"\t\t<div data-elementor-type=\"wp-page\" data-elementor-id=\"8760\" class=\"elementor elementor-8760 elementor-3829\" data-elementor-post-type=\"page\">\n\t\t\t\t\t\t<section class=\"elementor-section elementor-top-section elementor-element elementor-element-e07aeb7 elementor-section-boxed elementor-section-height-default elementor-section-height-default\" data-id=\"e07aeb7\" data-element_type=\"section\" data-e-type=\"section\" data-settings=\"{&quot;jet_parallax_layout_list&quot;:[{&quot;jet_parallax_layout_image&quot;:{&quot;url&quot;:&quot;&quot;,&quot;id&quot;:&quot;&quot;,&quot;size&quot;:&quot;&quot;},&quot;_id&quot;:&quot;3f98bd5&quot;,&quot;jet_parallax_layout_image_tablet&quot;:{&quot;url&quot;:&quot;&quot;,&quot;id&quot;:&quot;&quot;,&quot;size&quot;:&quot;&quot;},&quot;jet_parallax_layout_image_mobile&quot;:{&quot;url&quot;:&quot;&quot;,&quot;id&quot;:&quot;&quot;,&quot;size&quot;:&quot;&quot;},&quot;jet_parallax_layout_speed&quot;:{&quot;unit&quot;:&quot;%&quot;,&quot;size&quot;:50,&quot;sizes&quot;:[]},&quot;jet_parallax_layout_type&quot;:&quot;scroll&quot;,&quot;jet_parallax_layout_direction&quot;:&quot;1&quot;,&quot;jet_parallax_layout_fx_direction&quot;:null,&quot;jet_parallax_layout_z_index&quot;:&quot;&quot;,&quot;jet_parallax_layout_bg_x&quot;:50,&quot;jet_parallax_layout_bg_x_tablet&quot;:&quot;&quot;,&quot;jet_parallax_layout_bg_x_mobile&quot;:&quot;&quot;,&quot;jet_parallax_layout_bg_y&quot;:50,&quot;jet_parallax_layout_bg_y_tablet&quot;:&quot;&quot;,&quot;jet_parallax_layout_bg_y_mobile&quot;:&quot;&quot;,&quot;jet_parallax_layout_bg_size&quot;:&quot;auto&quot;,&quot;jet_parallax_layout_bg_size_tablet&quot;:&quot;&quot;,&quot;jet_parallax_layout_bg_size_mobile&quot;:&quot;&quot;,&quot;jet_parallax_layout_animation_prop&quot;:&quot;transform&quot;,&quot;jet_parallax_layout_on&quot;:[&quot;desktop&quot;,&quot;tablet&quot;]}]}\">\n\t\t\t\t\t\t<div class=\"elementor-container elementor-column-gap-default\">\n\t\t\t\t\t<div class=\"elementor-column elementor-col-100 elementor-top-column elementor-element elementor-element-093923a\" data-id=\"093923a\" data-element_type=\"column\" data-e-type=\"column\">\n\t\t\t<div class=\"elementor-widget-wrap elementor-element-populated\">\n\t\t\t\t\t\t<div class=\"elementor-element elementor-element-1e52787 elementor-widget elementor-widget-image\" data-id=\"1e52787\" data-element_type=\"widget\" data-e-type=\"widget\" data-widget_type=\"image.default\">\n\t\t\t\t<div class=\"elementor-widget-container\">\n\t\t\t\t\t\t\t\t\t\t\t\t\t\t\t<img fetchpriority=\"high\" decoding=\"async\" width=\"667\" height=\"374\" src=\"https:\/\/nafrottawa.com\/wp-content\/uploads\/VisionTravel_Logo-removebg-preview.png\" class=\"attachment-full size-full wp-image-8632\" alt=\"\" srcset=\"https:\/\/nafrottawa.com\/wp-content\/uploads\/VisionTravel_Logo-removebg-preview.png 667w, https:\/\/nafrottawa.com\/wp-content\/uploads\/VisionTravel_Logo-removebg-preview-300x168.png 300w\" sizes=\"(max-width: 667px) 100vw, 667px\" \/>\t\t\t\t\t\t\t\t\t\t\t\t\t\t\t<\/div>\n\t\t\t\t<\/div>\n\t\t\t\t<div class=\"elementor-element elementor-element-39eaa89 elementor-widget elementor-widget-text-editor\" data-id=\"39eaa89\" data-element_type=\"widget\" data-e-type=\"widget\" data-widget_type=\"text-editor.default\">\n\t\t\t\t<div class=\"elementor-widget-container\">\n\t\t\t\t\t\t\t\t\t<p>Profitez d\u2019un rabais de 5 % sur certaines croisi\u00e8res fluviales et maritimes ainsi que sur des voyages \u00e0 forfait dans le monde entier. Mme Foote aide les membres de la Section d\u2019Ottawa \u00e0 voyager depuis 1992.<\/p>\n<p>Contactez directement Nicole Foote pour en savoir plus sur la&nbsp;<b>r\u00e9duction de 5 %<\/b> &nbsp;qu&rsquo;elle offre aux membres de notre branche sur une s\u00e9lection de croisi\u00e8res fluviales, de croisi\u00e8res oc\u00e9aniques et de vacances \u00e0 forfait dans le monde entier. Vous pouvez appeler Nicole au &nbsp;<b> 613-852-4399<\/b> &nbsp;ou lui envoyer un courriel \u00e0 l&rsquo;adresse suivante : <font color=\"#14b7de\"><b>foote.nicole@gmail.com<\/b><\/font>.<\/p>\t\t\t\t\t\t\t\t<\/div>\n\t\t\t\t<\/div>\n\t\t\t\t\t<\/div>\n\t\t<\/div>\n\t\t\t\t\t<\/div>\n\t\t<\/section>\n\t\t\t\t<\/div>\n\t\t","protected":false},"excerpt":{"rendered":"<p>Profitez d\u2019un rabais de 5 % sur certaines croisi\u00e8res fluviales et maritimes ainsi que sur des voyages \u00e0 forfait dans le monde entier. Mme Foote aide les membres de la Section d\u2019Ottawa \u00e0 voyager depuis 1992. Contactez directement Nicole Foote pour en savoir plus sur la&nbsp;r\u00e9duction de 5 % &nbsp;qu&rsquo;elle offre aux membres de notre [&hellip;]<\/p>\n","protected":false},"author":5,"featured_media":8513,"parent":0,"menu_order":3,"comment_status":"closed","ping_status":"closed","template":"","meta":{"footnotes":""},"class_list":["post-8760","page","type-page","status-publish","has-post-thumbnail","hentry"],"_links":{"self":[{"href":"https:\/\/nafrottawa.com\/fr\/wp-json\/wp\/v2\/pages\/8760","targetHints":{"allow":["GET"]}}],"collection":[{"href":"https:\/\/nafrottawa.com\/fr\/wp-json\/wp\/v2\/pages"}],"about":[{"href":"https:\/\/nafrottawa.com\/fr\/wp-json\/wp\/v2\/types\/page"}],"author":[{"embeddable":true,"href":"https:\/\/nafrottawa.com\/fr\/wp-json\/wp\/v2\/users\/5"}],"replies":[{"embeddable":true,"href":"https:\/\/nafrottawa.com\/fr\/wp-json\/wp\/v2\/comments?post=8760"}],"version-history":[{"count":0,"href":"https:\/\/nafrottawa.com\/fr\/wp-json\/wp\/v2\/pages\/8760\/revisions"}],"wp:featuredmedia":[{"embeddable":true,"href":"https:\/\/nafrottawa.com\/fr\/wp-json\/wp\/v2\/media\/8513"}],"wp:attachment":[{"href":"https:\/\/nafrottawa.com\/fr\/wp-json\/wp\/v2\/media?parent=8760"}],"curies":[{"name":"wp","href":"https:\/\/api.w.org\/{rel}","templated":true}]}}