{"id":8736,"date":"2022-02-02T19:28:43","date_gmt":"2022-02-02T19:28:43","guid":{"rendered":"https:\/\/nafrottawa.com\/city-of-ottawa-fitness-memberships\/"},"modified":"2023-06-19T20:28:31","modified_gmt":"2023-06-19T20:28:31","slug":"city-of-ottawa-fitness-memberships","status":"publish","type":"page","link":"https:\/\/nafrottawa.com\/fr\/city-of-ottawa-fitness-memberships\/","title":{"rendered":"City of Ottawa Fitness Memberships"},"content":{"rendered":"\t\t<div data-elementor-type=\"wp-page\" data-elementor-id=\"8736\" class=\"elementor elementor-8736 elementor-3789\" data-elementor-post-type=\"page\">\n\t\t\t\t\t\t<section class=\"elementor-section elementor-top-section elementor-element elementor-element-e07aeb7 elementor-section-boxed elementor-section-height-default elementor-section-height-default\" data-id=\"e07aeb7\" data-element_type=\"section\" data-e-type=\"section\" data-settings=\"{&quot;jet_parallax_layout_list&quot;:[{&quot;jet_parallax_layout_image&quot;:{&quot;url&quot;:&quot;&quot;,&quot;id&quot;:&quot;&quot;,&quot;size&quot;:&quot;&quot;},&quot;_id&quot;:&quot;3f98bd5&quot;,&quot;jet_parallax_layout_image_tablet&quot;:{&quot;url&quot;:&quot;&quot;,&quot;id&quot;:&quot;&quot;,&quot;size&quot;:&quot;&quot;},&quot;jet_parallax_layout_image_mobile&quot;:{&quot;url&quot;:&quot;&quot;,&quot;id&quot;:&quot;&quot;,&quot;size&quot;:&quot;&quot;},&quot;jet_parallax_layout_speed&quot;:{&quot;unit&quot;:&quot;%&quot;,&quot;size&quot;:50,&quot;sizes&quot;:[]},&quot;jet_parallax_layout_type&quot;:&quot;scroll&quot;,&quot;jet_parallax_layout_direction&quot;:&quot;1&quot;,&quot;jet_parallax_layout_fx_direction&quot;:null,&quot;jet_parallax_layout_z_index&quot;:&quot;&quot;,&quot;jet_parallax_layout_bg_x&quot;:50,&quot;jet_parallax_layout_bg_x_tablet&quot;:&quot;&quot;,&quot;jet_parallax_layout_bg_x_mobile&quot;:&quot;&quot;,&quot;jet_parallax_layout_bg_y&quot;:50,&quot;jet_parallax_layout_bg_y_tablet&quot;:&quot;&quot;,&quot;jet_parallax_layout_bg_y_mobile&quot;:&quot;&quot;,&quot;jet_parallax_layout_bg_size&quot;:&quot;auto&quot;,&quot;jet_parallax_layout_bg_size_tablet&quot;:&quot;&quot;,&quot;jet_parallax_layout_bg_size_mobile&quot;:&quot;&quot;,&quot;jet_parallax_layout_animation_prop&quot;:&quot;transform&quot;,&quot;jet_parallax_layout_on&quot;:[&quot;desktop&quot;,&quot;tablet&quot;]}]}\">\n\t\t\t\t\t\t<div class=\"elementor-container elementor-column-gap-default\">\n\t\t\t\t\t<div class=\"elementor-column elementor-col-100 elementor-top-column elementor-element elementor-element-093923a\" data-id=\"093923a\" data-element_type=\"column\" data-e-type=\"column\">\n\t\t\t<div class=\"elementor-widget-wrap elementor-element-populated\">\n\t\t\t\t\t\t<div class=\"elementor-element elementor-element-1e52787 elementor-widget elementor-widget-image\" data-id=\"1e52787\" data-element_type=\"widget\" data-e-type=\"widget\" data-widget_type=\"image.default\">\n\t\t\t\t<div class=\"elementor-widget-container\">\n\t\t\t\t\t\t\t\t\t\t\t\t\t\t\t<img fetchpriority=\"high\" decoding=\"async\" width=\"749\" height=\"333\" src=\"https:\/\/nafrottawa.com\/wp-content\/uploads\/CityofOttawa-removebg-preview.png-1.webp\" class=\"attachment-full size-full wp-image-8593\" alt=\"\" srcset=\"https:\/\/nafrottawa.com\/wp-content\/uploads\/CityofOttawa-removebg-preview.png-1.webp 749w, https:\/\/nafrottawa.com\/wp-content\/uploads\/CityofOttawa-removebg-preview.png-1-300x133.webp 300w\" sizes=\"(max-width: 749px) 100vw, 749px\" \/>\t\t\t\t\t\t\t\t\t\t\t\t\t\t\t<\/div>\n\t\t\t\t<\/div>\n\t\t\t\t<div class=\"elementor-element elementor-element-39eaa89 elementor-widget elementor-widget-text-editor\" data-id=\"39eaa89\" data-element_type=\"widget\" data-e-type=\"widget\" data-widget_type=\"text-editor.default\">\n\t\t\t\t<div class=\"elementor-widget-container\">\n\t\t\t\t\t\t\t\t\t<p>\u00c9conomisez 20 % sur l\u2019adh\u00e9sion \u00e0 certains programmes de conditionnement physique offerts par la Ville d\u2019Ottawa dans ses installations de toute la capitale.<\/p>\n<p>La Ville d\u2032Ottawa offre un rabais de <b>20 % sur<\/b> <a href=\"https:\/\/ottawa.ca\/en\/residents\/recreation-and-parks\/gyms-and-fitness-centres#membership\" target=\"_blank\" rel=\"noopener\"><b>l\u2019abonnement Ottawa actif tout inclus ou l\u2019abonnement a\u0300 une seule activite\u0301<\/b><\/a>. Inscrivez-vous en personne en pr\u00e9sentant votre carte de membre de Retrait\u00e9s F\u00e9d\u00e9raux ainsi qu\u2032une autre carte d\u2032identit\u00e9 \u00e0 l\u2032une ou l\u2032autre des 23 installations de conditionnement physique. \u00c0 compter du 1er septembre 2019, il n\u2019y a plus de dur\u00e9e d\u00e9termin\u00e9e pour les adh\u00e9sions corporatives. Par cons\u00e9quent, les adh\u00e9sions corporatives seront annuelles \u00e0 compter de la date d\u2019inscription ou du renouvellement. Voici les d\u00e9tails:<\/p>\n<ul>\n<li aria-level=\"1\">Les abonnements sont annuels de la date d\u2019achat.<\/li>\n<li aria-level=\"1\">En raison de l\u2019incertitude persistante lie\u0301e au Covid-19 et de l\u2019impact sur nos services, les options de paiement planifie\u0301es \/ mensuelles ne seront pas reprises pour le moment.<\/li>\n<li aria-level=\"1\">Unfortunately, you cannot put this membership on hold or extend it.<\/li>\n<li aria-level=\"1\">Le montant rembourse\u0301 est calcule\u0301 en fonction des mois qui restent avant la fin de la pe\u0301riode d\u2019abonnement au moment de la demande de remboursement, a\u0300 la demande du client.<\/li>\n<li aria-level=\"1\">Les frais comprennent la re\u0301duction et la TVH.<\/li>\n<\/ul>\n<p>Cliquez <a href=\"https:\/\/wordpress-680493-3389443.cloudwaysapps.com\/wp-content\/uploads\/2020-Fees-Frais.pdf\" target=\"_blank\" rel=\"noopener\"><b>ICI<\/b><\/a> pour les d\u00e9tails sur les co\u00fbts d&rsquo;adh\u00e9sion<\/p>\n\t\t\t\t\t\t\t\t<\/div>\n\t\t\t\t<\/div>\n\t\t\t\t\t<\/div>\n\t\t<\/div>\n\t\t\t\t\t<\/div>\n\t\t<\/section>\n\t\t\t\t<\/div>\n\t\t","protected":false},"excerpt":{"rendered":"<p>\u00c9conomisez 20 % sur l\u2019adh\u00e9sion \u00e0 certains programmes de conditionnement physique offerts par la Ville d\u2019Ottawa dans ses installations de toute la capitale. La Ville d\u2032Ottawa offre un rabais de 20 % sur l\u2019abonnement Ottawa actif tout inclus ou l\u2019abonnement a\u0300 une seule activite\u0301. Inscrivez-vous en personne en pr\u00e9sentant votre carte de membre de Retrait\u00e9s [&hellip;]<\/p>\n","protected":false},"author":5,"featured_media":8513,"parent":0,"menu_order":3,"comment_status":"closed","ping_status":"closed","template":"","meta":{"footnotes":""},"class_list":["post-8736","page","type-page","status-publish","has-post-thumbnail","hentry"],"_links":{"self":[{"href":"https:\/\/nafrottawa.com\/fr\/wp-json\/wp\/v2\/pages\/8736","targetHints":{"allow":["GET"]}}],"collection":[{"href":"https:\/\/nafrottawa.com\/fr\/wp-json\/wp\/v2\/pages"}],"about":[{"href":"https:\/\/nafrottawa.com\/fr\/wp-json\/wp\/v2\/types\/page"}],"author":[{"embeddable":true,"href":"https:\/\/nafrottawa.com\/fr\/wp-json\/wp\/v2\/users\/5"}],"replies":[{"embeddable":true,"href":"https:\/\/nafrottawa.com\/fr\/wp-json\/wp\/v2\/comments?post=8736"}],"version-history":[{"count":0,"href":"https:\/\/nafrottawa.com\/fr\/wp-json\/wp\/v2\/pages\/8736\/revisions"}],"wp:featuredmedia":[{"embeddable":true,"href":"https:\/\/nafrottawa.com\/fr\/wp-json\/wp\/v2\/media\/8513"}],"wp:attachment":[{"href":"https:\/\/nafrottawa.com\/fr\/wp-json\/wp\/v2\/media?parent=8736"}],"curies":[{"name":"wp","href":"https:\/\/api.w.org\/{rel}","templated":true}]}}