{"id":8732,"date":"2022-02-02T19:32:54","date_gmt":"2022-02-02T19:32:54","guid":{"rendered":"https:\/\/nafrottawa.com\/caa-north-east-ontario-membership\/"},"modified":"2025-04-01T16:15:57","modified_gmt":"2025-04-01T16:15:57","slug":"caa-north-east-ontario-membership","status":"publish","type":"page","link":"https:\/\/nafrottawa.com\/fr\/caa-north-east-ontario-membership\/","title":{"rendered":"CAA North &amp; East Ontario Membership"},"content":{"rendered":"\t\t<div data-elementor-type=\"wp-page\" data-elementor-id=\"8732\" class=\"elementor elementor-8732 elementor-3811\" data-elementor-post-type=\"page\">\n\t\t\t\t\t\t<section class=\"elementor-section elementor-top-section elementor-element elementor-element-e07aeb7 elementor-section-boxed elementor-section-height-default elementor-section-height-default\" data-id=\"e07aeb7\" data-element_type=\"section\" data-e-type=\"section\" data-settings=\"{&quot;jet_parallax_layout_list&quot;:[{&quot;jet_parallax_layout_image&quot;:{&quot;url&quot;:&quot;&quot;,&quot;id&quot;:&quot;&quot;,&quot;size&quot;:&quot;&quot;},&quot;_id&quot;:&quot;3f98bd5&quot;,&quot;jet_parallax_layout_image_tablet&quot;:{&quot;url&quot;:&quot;&quot;,&quot;id&quot;:&quot;&quot;,&quot;size&quot;:&quot;&quot;},&quot;jet_parallax_layout_image_mobile&quot;:{&quot;url&quot;:&quot;&quot;,&quot;id&quot;:&quot;&quot;,&quot;size&quot;:&quot;&quot;},&quot;jet_parallax_layout_speed&quot;:{&quot;unit&quot;:&quot;%&quot;,&quot;size&quot;:50,&quot;sizes&quot;:[]},&quot;jet_parallax_layout_type&quot;:&quot;scroll&quot;,&quot;jet_parallax_layout_direction&quot;:&quot;1&quot;,&quot;jet_parallax_layout_fx_direction&quot;:null,&quot;jet_parallax_layout_z_index&quot;:&quot;&quot;,&quot;jet_parallax_layout_bg_x&quot;:50,&quot;jet_parallax_layout_bg_x_tablet&quot;:&quot;&quot;,&quot;jet_parallax_layout_bg_x_mobile&quot;:&quot;&quot;,&quot;jet_parallax_layout_bg_y&quot;:50,&quot;jet_parallax_layout_bg_y_tablet&quot;:&quot;&quot;,&quot;jet_parallax_layout_bg_y_mobile&quot;:&quot;&quot;,&quot;jet_parallax_layout_bg_size&quot;:&quot;auto&quot;,&quot;jet_parallax_layout_bg_size_tablet&quot;:&quot;&quot;,&quot;jet_parallax_layout_bg_size_mobile&quot;:&quot;&quot;,&quot;jet_parallax_layout_animation_prop&quot;:&quot;transform&quot;,&quot;jet_parallax_layout_on&quot;:[&quot;desktop&quot;,&quot;tablet&quot;]}]}\">\n\t\t\t\t\t\t<div class=\"elementor-container elementor-column-gap-default\">\n\t\t\t\t\t<div class=\"elementor-column elementor-col-100 elementor-top-column elementor-element elementor-element-093923a\" data-id=\"093923a\" data-element_type=\"column\" data-e-type=\"column\">\n\t\t\t<div class=\"elementor-widget-wrap elementor-element-populated\">\n\t\t\t\t\t\t<div class=\"elementor-element elementor-element-1e52787 elementor-widget elementor-widget-image\" data-id=\"1e52787\" data-element_type=\"widget\" data-e-type=\"widget\" data-widget_type=\"image.default\">\n\t\t\t\t<div class=\"elementor-widget-container\">\n\t\t\t\t\t\t\t\t\t\t\t\t\t\t\t<img fetchpriority=\"high\" decoding=\"async\" width=\"1536\" height=\"1049\" src=\"https:\/\/nafrottawa.com\/wp-content\/uploads\/CAA_logo-1536x1049.png-1.webp\" class=\"attachment-full size-full wp-image-8595\" alt=\"\" srcset=\"https:\/\/nafrottawa.com\/wp-content\/uploads\/CAA_logo-1536x1049.png-1.webp 1536w, https:\/\/nafrottawa.com\/wp-content\/uploads\/CAA_logo-1536x1049.png-1-300x205.webp 300w, https:\/\/nafrottawa.com\/wp-content\/uploads\/CAA_logo-1536x1049.png-1-1024x699.webp 1024w, https:\/\/nafrottawa.com\/wp-content\/uploads\/CAA_logo-1536x1049.png-1-768x525.webp 768w, https:\/\/nafrottawa.com\/wp-content\/uploads\/CAA_logo-1536x1049.png-1-474x324.webp 474w\" sizes=\"(max-width: 1536px) 100vw, 1536px\" \/>\t\t\t\t\t\t\t\t\t\t\t\t\t\t\t<\/div>\n\t\t\t\t<\/div>\n\t\t\t\t<div class=\"elementor-element elementor-element-39eaa89 elementor-widget elementor-widget-text-editor\" data-id=\"39eaa89\" data-element_type=\"widget\" data-e-type=\"widget\" data-widget_type=\"text-editor.default\">\n\t\t\t\t<div class=\"elementor-widget-container\">\n\t\t\t\t\t\t\t\t\t<p>En tant que membre de la section d&rsquo;Ottawa de l&rsquo;ANRF, vous b\u00e9n\u00e9ficiez d&rsquo;un tarif pr\u00e9f\u00e9rentiel* sur tous les types d&rsquo;adh\u00e9sion \u00e0 la CAA.&nbsp;<\/p><p><a href=\"https:\/\/drive.google.com\/file\/d\/1ko1a7CUdzpeOSKYXnDGdCE_St0qKrIcq\/view?usp=sharing\" target=\"_blank\" style=\"font-family: var( --e-global-typography-text-font-family ), Sans-serif; font-size: var( --e-global-typography-text-font-size ); text-transform: var( --e-global-typography-text-text-transform ); background-color: rgb(255, 255, 255);\" rel=\"noopener\"><b>Cliquez ici<\/b> <\/a> &nbsp;pour voir les d\u00e9tails des prix.<\/p>\n<p>Les membres de la Section d\u2019Ottawa doivent fournir leur num\u00e9ro de membre ANRF actuel pour \u00eatre admissible aux tarifs pr\u00e9f\u00e9rentiels. Certaines restrictions s&rsquo;appliquent. Vous devez \u00eatre le principal membre CAA du compte et fournir votre num\u00e9ro de membre de l\u2019Association. Il n&rsquo;y a pas de tarifs r\u00e9duits sur les niveaux d&rsquo;adh\u00e9sion RV et ils ne sont pas calcul\u00e9s r\u00e9troactivement.&nbsp;<\/p>\n<p>Pour acheter une adh\u00e9sion \u00e0 la CAA avec le rabais de la section d&rsquo;Ottawa, il suffit de&nbsp;<a href=\"https:\/\/join.caaneo.ca\/flow-2\/step-0?_ga=2.146230001.496058935.1690839205-1903364779.1674666936\" target=\"_blank\" rel=\"noopener\">suivre ce lien<\/a>, entrez votre information et entrez le code promo <b>FSNA<\/b>. La r\u00e9duction sera automatiquement appliqu\u00e9e.<\/p>\n<p>Pour plus de d\u00e9tails, contactezl&nbsp;<b>CAA North &amp; East Ontario Group\/Corporate Sales<\/b>&nbsp;au&nbsp;<b>866-220-1205<\/b>&nbsp;ou envoyez un courriel \u00e0&nbsp;<b>groups@caaneo.on.ca.<\/b>&nbsp;<b>&nbsp;<\/b><\/p>\n<p><\/p>\t\t\t\t\t\t\t\t<\/div>\n\t\t\t\t<\/div>\n\t\t\t\t\t<\/div>\n\t\t<\/div>\n\t\t\t\t\t<\/div>\n\t\t<\/section>\n\t\t\t\t<\/div>\n\t\t","protected":false},"excerpt":{"rendered":"<p>En tant que membre de la section d&rsquo;Ottawa de l&rsquo;ANRF, vous b\u00e9n\u00e9ficiez d&rsquo;un tarif pr\u00e9f\u00e9rentiel* sur tous les types d&rsquo;adh\u00e9sion \u00e0 la CAA.&nbsp; Cliquez ici &nbsp;pour voir les d\u00e9tails des prix. Les membres de la Section d\u2019Ottawa doivent fournir leur num\u00e9ro de membre ANRF actuel pour \u00eatre admissible aux tarifs pr\u00e9f\u00e9rentiels. Certaines restrictions s&rsquo;appliquent. Vous [&hellip;]<\/p>\n","protected":false},"author":5,"featured_media":8513,"parent":0,"menu_order":3,"comment_status":"closed","ping_status":"closed","template":"","meta":{"footnotes":""},"class_list":["post-8732","page","type-page","status-publish","has-post-thumbnail","hentry"],"_links":{"self":[{"href":"https:\/\/nafrottawa.com\/fr\/wp-json\/wp\/v2\/pages\/8732","targetHints":{"allow":["GET"]}}],"collection":[{"href":"https:\/\/nafrottawa.com\/fr\/wp-json\/wp\/v2\/pages"}],"about":[{"href":"https:\/\/nafrottawa.com\/fr\/wp-json\/wp\/v2\/types\/page"}],"author":[{"embeddable":true,"href":"https:\/\/nafrottawa.com\/fr\/wp-json\/wp\/v2\/users\/5"}],"replies":[{"embeddable":true,"href":"https:\/\/nafrottawa.com\/fr\/wp-json\/wp\/v2\/comments?post=8732"}],"version-history":[{"count":0,"href":"https:\/\/nafrottawa.com\/fr\/wp-json\/wp\/v2\/pages\/8732\/revisions"}],"wp:featuredmedia":[{"embeddable":true,"href":"https:\/\/nafrottawa.com\/fr\/wp-json\/wp\/v2\/media\/8513"}],"wp:attachment":[{"href":"https:\/\/nafrottawa.com\/fr\/wp-json\/wp\/v2\/media?parent=8732"}],"curies":[{"name":"wp","href":"https:\/\/api.w.org\/{rel}","templated":true}]}}