{"id":8728,"date":"2022-02-02T20:01:29","date_gmt":"2022-02-02T20:01:29","guid":{"rendered":"https:\/\/nafrottawa.com\/beechwood-funeral-cemetery-cremation-services\/"},"modified":"2023-06-19T20:25:37","modified_gmt":"2023-06-19T20:25:37","slug":"beechwood-funeral-cemetery-cremation-services","status":"publish","type":"page","link":"https:\/\/nafrottawa.com\/fr\/beechwood-funeral-cemetery-cremation-services\/","title":{"rendered":"Beechwood, Funeral, Cemetery &amp; Cremation Services"},"content":{"rendered":"\t\t<div data-elementor-type=\"wp-page\" data-elementor-id=\"8728\" class=\"elementor elementor-8728 elementor-3859\" data-elementor-post-type=\"page\">\n\t\t\t\t\t\t<section class=\"elementor-section elementor-top-section elementor-element elementor-element-e07aeb7 elementor-section-boxed elementor-section-height-default elementor-section-height-default\" data-id=\"e07aeb7\" data-element_type=\"section\" data-e-type=\"section\" data-settings=\"{&quot;jet_parallax_layout_list&quot;:[{&quot;jet_parallax_layout_image&quot;:{&quot;url&quot;:&quot;&quot;,&quot;id&quot;:&quot;&quot;,&quot;size&quot;:&quot;&quot;},&quot;_id&quot;:&quot;3f98bd5&quot;,&quot;jet_parallax_layout_image_tablet&quot;:{&quot;url&quot;:&quot;&quot;,&quot;id&quot;:&quot;&quot;,&quot;size&quot;:&quot;&quot;},&quot;jet_parallax_layout_image_mobile&quot;:{&quot;url&quot;:&quot;&quot;,&quot;id&quot;:&quot;&quot;,&quot;size&quot;:&quot;&quot;},&quot;jet_parallax_layout_speed&quot;:{&quot;unit&quot;:&quot;%&quot;,&quot;size&quot;:50,&quot;sizes&quot;:[]},&quot;jet_parallax_layout_type&quot;:&quot;scroll&quot;,&quot;jet_parallax_layout_direction&quot;:&quot;1&quot;,&quot;jet_parallax_layout_fx_direction&quot;:null,&quot;jet_parallax_layout_z_index&quot;:&quot;&quot;,&quot;jet_parallax_layout_bg_x&quot;:50,&quot;jet_parallax_layout_bg_x_tablet&quot;:&quot;&quot;,&quot;jet_parallax_layout_bg_x_mobile&quot;:&quot;&quot;,&quot;jet_parallax_layout_bg_y&quot;:50,&quot;jet_parallax_layout_bg_y_tablet&quot;:&quot;&quot;,&quot;jet_parallax_layout_bg_y_mobile&quot;:&quot;&quot;,&quot;jet_parallax_layout_bg_size&quot;:&quot;auto&quot;,&quot;jet_parallax_layout_bg_size_tablet&quot;:&quot;&quot;,&quot;jet_parallax_layout_bg_size_mobile&quot;:&quot;&quot;,&quot;jet_parallax_layout_animation_prop&quot;:&quot;transform&quot;,&quot;jet_parallax_layout_on&quot;:[&quot;desktop&quot;,&quot;tablet&quot;]}]}\">\n\t\t\t\t\t\t<div class=\"elementor-container elementor-column-gap-default\">\n\t\t\t\t\t<div class=\"elementor-column elementor-col-100 elementor-top-column elementor-element elementor-element-093923a\" data-id=\"093923a\" data-element_type=\"column\" data-e-type=\"column\">\n\t\t\t<div class=\"elementor-widget-wrap elementor-element-populated\">\n\t\t\t\t\t\t<div class=\"elementor-element elementor-element-1e52787 elementor-widget elementor-widget-image\" data-id=\"1e52787\" data-element_type=\"widget\" data-e-type=\"widget\" data-widget_type=\"image.default\">\n\t\t\t\t<div class=\"elementor-widget-container\">\n\t\t\t\t\t\t\t\t\t\t\t\t\t\t\t<img fetchpriority=\"high\" decoding=\"async\" width=\"627\" height=\"398\" src=\"https:\/\/nafrottawa.com\/wp-content\/uploads\/BFCCS_Vertical_beechwood_logo_vector_colour-removebg-preview.png-1.webp\" class=\"attachment-full size-full wp-image-8601\" alt=\"\" srcset=\"https:\/\/nafrottawa.com\/wp-content\/uploads\/BFCCS_Vertical_beechwood_logo_vector_colour-removebg-preview.png-1.webp 627w, https:\/\/nafrottawa.com\/wp-content\/uploads\/BFCCS_Vertical_beechwood_logo_vector_colour-removebg-preview.png-1-300x190.webp 300w\" sizes=\"(max-width: 627px) 100vw, 627px\" \/>\t\t\t\t\t\t\t\t\t\t\t\t\t\t\t<\/div>\n\t\t\t\t<\/div>\n\t\t\t\t<div class=\"elementor-element elementor-element-39eaa89 elementor-widget elementor-widget-text-editor\" data-id=\"39eaa89\" data-element_type=\"widget\" data-e-type=\"widget\" data-widget_type=\"text-editor.default\">\n\t\t\t\t<div class=\"elementor-widget-container\">\n\t\t\t\t\t\t\t\t\t<p>Les membres de la Section d\u2019Ottawa b\u00e9n\u00e9ficient d\u2019un rabais de 10 % sur : 1) les achats de terrains ou de niches cin\u00e9raires (zones n\u2019appartenant pas \u00e0 un groupe); 2) les achats de monuments comm\u00e9moratifs; 3) les services fun\u00e9raires. Certaines restrictions s\u2019appliquent. Vous devez faire savoir que vous \u00eates membre de la Section d\u2019Ottawa avant d\u2019effectuer votre achat.<\/p>\n<p>Beechwood a \u00e9t\u00e9 d\u00e9sign\u00e9 Cimeti\u00e8re national du Canada et lieu historique national et abrite le Cimeti\u00e8re militaire national des Forces canadiennes, le Cimeti\u00e8re comm\u00e9moratif national de la GRC, et le Cimeti\u00e8re comm\u00e9moratif national du Service canadien du renseignement de s\u00e9curit\u00e9. Avant d\u2019acheter, identifiez-vous comme membre de la Section d\u2019Ottawa pour b\u00e9n\u00e9ficier d\u2019un rabais de <b>10 % sur<\/b> : 1) les achats de terrains ou de niches cin\u00e9raires (zones n\u2019appartenant pas \u00e0 un groupe); 2) les achats de monuments comm\u00e9moratifs; 3) les services fun\u00e9raires. Certaines restrictions s\u2019appliquent; veuillez communiquer avec:<\/p>\n<p>Tania Turpin au <a href=\"tel:+16136960111\"><b>613-696-0111<\/b><\/a> ou \u00e0 <a href=\"mailto:tturpin@beechwoodottawa.ca\"><b>l&rsquo;adressetturpin@beechwoodottawa.ca<\/b><\/a> pour tous les d\u00e9tails.<\/p>\n<p>Visitez : <a href=\"https:\/\/www.beechwoodottawa.ca\/\" target=\"_blank\" rel=\"noopener\"><b>BeechwoodOttawa.ca<\/b><\/a><\/p>\n<p><i>*Note du Cimeti\u00e8re Beechwood \u2013 Afin de se pr\u00e9valoir des rabais offerts par Beechwood, les membres de la Section d\u2019Ottawa doivent informer le cimeti\u00e8re de leur admissibilit\u00e9 AVANT que des dispositions soient prises. Compte tenu de la quantit\u00e9 de groupes ayant droit aux rabais offerts par Beechwood, il incombe aux membres de la Section d\u2019Ottawa d\u2019aviser le cimeti\u00e8re qu\u2019ils font partie de l\u2019Association nationale des retrait\u00e9s f\u00e9d\u00e9raux. Si les membres de la Section d\u2019Ottawa omettent d\u2019en informer d\u2019avance le cimeti\u00e8re Beechwood, les rabais ne pourront s\u2019appliquer une fois que les dispositions ont \u00e9t\u00e9 prises.<\/i><\/p>\n\t\t\t\t\t\t\t\t<\/div>\n\t\t\t\t<\/div>\n\t\t\t\t\t<\/div>\n\t\t<\/div>\n\t\t\t\t\t<\/div>\n\t\t<\/section>\n\t\t\t\t<\/div>\n\t\t","protected":false},"excerpt":{"rendered":"<p>Les membres de la Section d\u2019Ottawa b\u00e9n\u00e9ficient d\u2019un rabais de 10 % sur : 1) les achats de terrains ou de niches cin\u00e9raires (zones n\u2019appartenant pas \u00e0 un groupe); 2) les achats de monuments comm\u00e9moratifs; 3) les services fun\u00e9raires. Certaines restrictions s\u2019appliquent. Vous devez faire savoir que vous \u00eates membre de la Section d\u2019Ottawa avant [&hellip;]<\/p>\n","protected":false},"author":5,"featured_media":8513,"parent":0,"menu_order":3,"comment_status":"closed","ping_status":"closed","template":"","meta":{"footnotes":""},"class_list":["post-8728","page","type-page","status-publish","has-post-thumbnail","hentry"],"_links":{"self":[{"href":"https:\/\/nafrottawa.com\/fr\/wp-json\/wp\/v2\/pages\/8728","targetHints":{"allow":["GET"]}}],"collection":[{"href":"https:\/\/nafrottawa.com\/fr\/wp-json\/wp\/v2\/pages"}],"about":[{"href":"https:\/\/nafrottawa.com\/fr\/wp-json\/wp\/v2\/types\/page"}],"author":[{"embeddable":true,"href":"https:\/\/nafrottawa.com\/fr\/wp-json\/wp\/v2\/users\/5"}],"replies":[{"embeddable":true,"href":"https:\/\/nafrottawa.com\/fr\/wp-json\/wp\/v2\/comments?post=8728"}],"version-history":[{"count":0,"href":"https:\/\/nafrottawa.com\/fr\/wp-json\/wp\/v2\/pages\/8728\/revisions"}],"wp:featuredmedia":[{"embeddable":true,"href":"https:\/\/nafrottawa.com\/fr\/wp-json\/wp\/v2\/media\/8513"}],"wp:attachment":[{"href":"https:\/\/nafrottawa.com\/fr\/wp-json\/wp\/v2\/media?parent=8728"}],"curies":[{"name":"wp","href":"https:\/\/api.w.org\/{rel}","templated":true}]}}