{"id":8726,"date":"2022-02-02T20:04:22","date_gmt":"2022-02-02T20:04:22","guid":{"rendered":"https:\/\/nafrottawa.com\/alliances-by-arbor-memorial\/"},"modified":"2023-06-19T20:25:32","modified_gmt":"2023-06-19T20:25:32","slug":"alliances-by-arbor-memorial","status":"publish","type":"page","link":"https:\/\/nafrottawa.com\/fr\/alliances-by-arbor-memorial\/","title":{"rendered":"Alliances by Arbor Memorial"},"content":{"rendered":"\t\t<div data-elementor-type=\"wp-page\" data-elementor-id=\"8726\" class=\"elementor elementor-8726 elementor-3865\" data-elementor-post-type=\"page\">\n\t\t\t\t\t\t<section class=\"elementor-section elementor-top-section elementor-element elementor-element-e07aeb7 elementor-section-boxed elementor-section-height-default elementor-section-height-default\" data-id=\"e07aeb7\" data-element_type=\"section\" data-e-type=\"section\" data-settings=\"{&quot;jet_parallax_layout_list&quot;:[{&quot;jet_parallax_layout_image&quot;:{&quot;url&quot;:&quot;&quot;,&quot;id&quot;:&quot;&quot;,&quot;size&quot;:&quot;&quot;},&quot;_id&quot;:&quot;3f98bd5&quot;,&quot;jet_parallax_layout_image_tablet&quot;:{&quot;url&quot;:&quot;&quot;,&quot;id&quot;:&quot;&quot;,&quot;size&quot;:&quot;&quot;},&quot;jet_parallax_layout_image_mobile&quot;:{&quot;url&quot;:&quot;&quot;,&quot;id&quot;:&quot;&quot;,&quot;size&quot;:&quot;&quot;},&quot;jet_parallax_layout_speed&quot;:{&quot;unit&quot;:&quot;%&quot;,&quot;size&quot;:50,&quot;sizes&quot;:[]},&quot;jet_parallax_layout_type&quot;:&quot;scroll&quot;,&quot;jet_parallax_layout_direction&quot;:&quot;1&quot;,&quot;jet_parallax_layout_fx_direction&quot;:null,&quot;jet_parallax_layout_z_index&quot;:&quot;&quot;,&quot;jet_parallax_layout_bg_x&quot;:50,&quot;jet_parallax_layout_bg_x_tablet&quot;:&quot;&quot;,&quot;jet_parallax_layout_bg_x_mobile&quot;:&quot;&quot;,&quot;jet_parallax_layout_bg_y&quot;:50,&quot;jet_parallax_layout_bg_y_tablet&quot;:&quot;&quot;,&quot;jet_parallax_layout_bg_y_mobile&quot;:&quot;&quot;,&quot;jet_parallax_layout_bg_size&quot;:&quot;auto&quot;,&quot;jet_parallax_layout_bg_size_tablet&quot;:&quot;&quot;,&quot;jet_parallax_layout_bg_size_mobile&quot;:&quot;&quot;,&quot;jet_parallax_layout_animation_prop&quot;:&quot;transform&quot;,&quot;jet_parallax_layout_on&quot;:[&quot;desktop&quot;,&quot;tablet&quot;]}]}\">\n\t\t\t\t\t\t<div class=\"elementor-container elementor-column-gap-default\">\n\t\t\t\t\t<div class=\"elementor-column elementor-col-100 elementor-top-column elementor-element elementor-element-093923a\" data-id=\"093923a\" data-element_type=\"column\" data-e-type=\"column\">\n\t\t\t<div class=\"elementor-widget-wrap elementor-element-populated\">\n\t\t\t\t\t\t<div class=\"elementor-element elementor-element-1e52787 elementor-widget elementor-widget-image\" data-id=\"1e52787\" data-element_type=\"widget\" data-e-type=\"widget\" data-widget_type=\"image.default\">\n\t\t\t\t<div class=\"elementor-widget-container\">\n\t\t\t\t\t\t\t\t\t\t\t\t\t\t\t<img decoding=\"async\" width=\"326\" height=\"100\" src=\"https:\/\/nafrottawa.com\/wp-content\/uploads\/arboralliances-1.png-1.webp\" class=\"attachment-full size-full wp-image-8602\" alt=\"\" srcset=\"https:\/\/nafrottawa.com\/wp-content\/uploads\/arboralliances-1.png-1.webp 326w, https:\/\/nafrottawa.com\/wp-content\/uploads\/arboralliances-1.png-1-300x92.webp 300w\" sizes=\"(max-width: 326px) 100vw, 326px\" \/>\t\t\t\t\t\t\t\t\t\t\t\t\t\t\t<\/div>\n\t\t\t\t<\/div>\n\t\t\t\t<div class=\"elementor-element elementor-element-39eaa89 elementor-widget elementor-widget-text-editor\" data-id=\"39eaa89\" data-element_type=\"widget\" data-e-type=\"widget\" data-widget_type=\"text-editor.default\">\n\t\t\t\t<div class=\"elementor-widget-container\">\n\t\t\t\t\t\t\t\t\t<p>Lors d\u2019un d\u00e9c\u00e8s ou lorsqu\u2019ils font le choix \u00e9clair\u00e9 de la planification, les membres de l\u2019Association peuvent r\u00e9aliser des \u00e9conomies sur les services de son partenaire privil\u00e9gi\u00e9, Arbor, dans le cadre du programme Alliances. Certaines restrictions s\u2019appliquent.<\/p>\n<p>Veuillez noter que Arbor compte sept agences \u00e0 Ottawa. Rendez-vous sur le site <a href=\"https:\/\/www.arbormemorial.ca\/en\/locations\" target=\"_blank\" rel=\"noopener\"><b>www.arbormemorial.ca\/fr\/locations<\/b><\/a> <b>.<\/b><\/p>\n<p>Pour plus de d\u00e9tails sur ce Partenariat national privil\u00e9gi\u00e9, veuillez consulter le site suivant <a href=\"https:\/\/www.federalretirees.ca\/en\/preferred-partners\/financial-advice-partners\/arbor-alliances\" target=\"_blank\" rel=\"noopener\"><b>federalretirees.ca\/fr<\/b><\/a><\/p>\n\t\t\t\t\t\t\t\t<\/div>\n\t\t\t\t<\/div>\n\t\t\t\t\t<\/div>\n\t\t<\/div>\n\t\t\t\t\t<\/div>\n\t\t<\/section>\n\t\t\t\t<\/div>\n\t\t","protected":false},"excerpt":{"rendered":"<p>Lors d\u2019un d\u00e9c\u00e8s ou lorsqu\u2019ils font le choix \u00e9clair\u00e9 de la planification, les membres de l\u2019Association peuvent r\u00e9aliser des \u00e9conomies sur les services de son partenaire privil\u00e9gi\u00e9, Arbor, dans le cadre du programme Alliances. Certaines restrictions s\u2019appliquent. Veuillez noter que Arbor compte sept agences \u00e0 Ottawa. Rendez-vous sur le site www.arbormemorial.ca\/fr\/locations . Pour plus de [&hellip;]<\/p>\n","protected":false},"author":5,"featured_media":8513,"parent":0,"menu_order":3,"comment_status":"closed","ping_status":"closed","template":"","meta":{"footnotes":""},"class_list":["post-8726","page","type-page","status-publish","has-post-thumbnail","hentry"],"_links":{"self":[{"href":"https:\/\/nafrottawa.com\/fr\/wp-json\/wp\/v2\/pages\/8726","targetHints":{"allow":["GET"]}}],"collection":[{"href":"https:\/\/nafrottawa.com\/fr\/wp-json\/wp\/v2\/pages"}],"about":[{"href":"https:\/\/nafrottawa.com\/fr\/wp-json\/wp\/v2\/types\/page"}],"author":[{"embeddable":true,"href":"https:\/\/nafrottawa.com\/fr\/wp-json\/wp\/v2\/users\/5"}],"replies":[{"embeddable":true,"href":"https:\/\/nafrottawa.com\/fr\/wp-json\/wp\/v2\/comments?post=8726"}],"version-history":[{"count":0,"href":"https:\/\/nafrottawa.com\/fr\/wp-json\/wp\/v2\/pages\/8726\/revisions"}],"wp:featuredmedia":[{"embeddable":true,"href":"https:\/\/nafrottawa.com\/fr\/wp-json\/wp\/v2\/media\/8513"}],"wp:attachment":[{"href":"https:\/\/nafrottawa.com\/fr\/wp-json\/wp\/v2\/media?parent=8726"}],"curies":[{"name":"wp","href":"https:\/\/api.w.org\/{rel}","templated":true}]}}