{"id":15341,"date":"2026-03-02T19:15:15","date_gmt":"2026-03-02T19:15:15","guid":{"rendered":"https:\/\/nafrottawa.com\/?page_id=15341"},"modified":"2026-03-02T19:29:41","modified_gmt":"2026-03-02T19:29:41","slug":"parkn-fly","status":"publish","type":"page","link":"https:\/\/nafrottawa.com\/fr\/parkn-fly\/","title":{"rendered":"Park\u2019N Fly"},"content":{"rendered":"\t\t<div data-elementor-type=\"wp-page\" data-elementor-id=\"15341\" class=\"elementor elementor-15341 elementor-15340\" data-elementor-post-type=\"page\">\n\t\t\t\t\t\t<section class=\"elementor-section elementor-top-section elementor-element elementor-element-e07aeb7 elementor-section-boxed elementor-section-height-default elementor-section-height-default\" data-id=\"e07aeb7\" data-element_type=\"section\" data-e-type=\"section\" data-settings=\"{&quot;jet_parallax_layout_list&quot;:[{&quot;jet_parallax_layout_image&quot;:{&quot;url&quot;:&quot;&quot;,&quot;id&quot;:&quot;&quot;,&quot;size&quot;:&quot;&quot;},&quot;_id&quot;:&quot;3f98bd5&quot;,&quot;jet_parallax_layout_image_tablet&quot;:{&quot;url&quot;:&quot;&quot;,&quot;id&quot;:&quot;&quot;,&quot;size&quot;:&quot;&quot;},&quot;jet_parallax_layout_image_mobile&quot;:{&quot;url&quot;:&quot;&quot;,&quot;id&quot;:&quot;&quot;,&quot;size&quot;:&quot;&quot;},&quot;jet_parallax_layout_speed&quot;:{&quot;unit&quot;:&quot;%&quot;,&quot;size&quot;:50,&quot;sizes&quot;:[]},&quot;jet_parallax_layout_type&quot;:&quot;scroll&quot;,&quot;jet_parallax_layout_direction&quot;:&quot;1&quot;,&quot;jet_parallax_layout_fx_direction&quot;:null,&quot;jet_parallax_layout_z_index&quot;:&quot;&quot;,&quot;jet_parallax_layout_bg_x&quot;:50,&quot;jet_parallax_layout_bg_x_tablet&quot;:&quot;&quot;,&quot;jet_parallax_layout_bg_x_mobile&quot;:&quot;&quot;,&quot;jet_parallax_layout_bg_y&quot;:50,&quot;jet_parallax_layout_bg_y_tablet&quot;:&quot;&quot;,&quot;jet_parallax_layout_bg_y_mobile&quot;:&quot;&quot;,&quot;jet_parallax_layout_bg_size&quot;:&quot;auto&quot;,&quot;jet_parallax_layout_bg_size_tablet&quot;:&quot;&quot;,&quot;jet_parallax_layout_bg_size_mobile&quot;:&quot;&quot;,&quot;jet_parallax_layout_animation_prop&quot;:&quot;transform&quot;,&quot;jet_parallax_layout_on&quot;:[&quot;desktop&quot;,&quot;tablet&quot;]}]}\">\n\t\t\t\t\t\t<div class=\"elementor-container elementor-column-gap-default\">\n\t\t\t\t\t<div class=\"elementor-column elementor-col-100 elementor-top-column elementor-element elementor-element-093923a\" data-id=\"093923a\" data-element_type=\"column\" data-e-type=\"column\">\n\t\t\t<div class=\"elementor-widget-wrap elementor-element-populated\">\n\t\t\t\t\t\t<div class=\"elementor-element elementor-element-1e52787 elementor-widget elementor-widget-image\" data-id=\"1e52787\" data-element_type=\"widget\" data-e-type=\"widget\" data-widget_type=\"image.default\">\n\t\t\t\t<div class=\"elementor-widget-container\">\n\t\t\t\t\t\t\t\t\t\t\t\t\t\t\t<img fetchpriority=\"high\" decoding=\"async\" width=\"1482\" height=\"1125\" src=\"https:\/\/nafrottawa.com\/wp-content\/uploads\/PNF_50_VERT_ENG_COL-e1772478967182.png\" class=\"attachment-full size-full wp-image-15345\" alt=\"\" \/>\t\t\t\t\t\t\t\t\t\t\t\t\t\t\t<\/div>\n\t\t\t\t<\/div>\n\t\t\t\t<div class=\"elementor-element elementor-element-39eaa89 elementor-widget elementor-widget-text-editor\" data-id=\"39eaa89\" data-element_type=\"widget\" data-e-type=\"widget\" data-widget_type=\"text-editor.default\">\n\t\t\t\t<div class=\"elementor-widget-container\">\n\t\t\t\t\t\t\t\t\t<p>Les membres peuvent b\u00e9n\u00e9ficier de tarifs r\u00e9duits sur le stationnement dans les a\u00e9roports partout au Canada en utilisant le code de r\u00e9duction de la succursale d&rsquo;Ottawa.<\/p><p>Pour b\u00e9n\u00e9ficier des tarifs r\u00e9duits, les membres doivent r\u00e9server \u00e0 l\u2019avance avec le code de r\u00e9duction, soit sur le site web de Park\u2019N Fly, soit avec leur application.<\/p>\t\t\t\t\t\t\t\t<\/div>\n\t\t\t\t<\/div>\n\t\t\t\t<div class=\"elementor-element elementor-element-c97a803 elementor-widget elementor-widget-image\" data-id=\"c97a803\" data-element_type=\"widget\" data-e-type=\"widget\" data-widget_type=\"image.default\">\n\t\t\t\t<div class=\"elementor-widget-container\">\n\t\t\t\t\t\t\t\t\t\t\t\t\t\t\t<img decoding=\"async\" width=\"1275\" height=\"1650\" src=\"https:\/\/nafrottawa.com\/wp-content\/uploads\/Association-nationale-des-retraites-federaux-section-de-dOttawa-Implementation-Flyer-National-FR-2026_page-0001.jpg\" class=\"attachment-full size-full wp-image-15350\" alt=\"\" srcset=\"https:\/\/nafrottawa.com\/wp-content\/uploads\/Association-nationale-des-retraites-federaux-section-de-dOttawa-Implementation-Flyer-National-FR-2026_page-0001.jpg 1275w, https:\/\/nafrottawa.com\/wp-content\/uploads\/Association-nationale-des-retraites-federaux-section-de-dOttawa-Implementation-Flyer-National-FR-2026_page-0001-232x300.jpg 232w, https:\/\/nafrottawa.com\/wp-content\/uploads\/Association-nationale-des-retraites-federaux-section-de-dOttawa-Implementation-Flyer-National-FR-2026_page-0001-791x1024.jpg 791w, https:\/\/nafrottawa.com\/wp-content\/uploads\/Association-nationale-des-retraites-federaux-section-de-dOttawa-Implementation-Flyer-National-FR-2026_page-0001-768x994.jpg 768w, https:\/\/nafrottawa.com\/wp-content\/uploads\/Association-nationale-des-retraites-federaux-section-de-dOttawa-Implementation-Flyer-National-FR-2026_page-0001-1187x1536.jpg 1187w\" sizes=\"(max-width: 1275px) 100vw, 1275px\" \/>\t\t\t\t\t\t\t\t\t\t\t\t\t\t\t<\/div>\n\t\t\t\t<\/div>\n\t\t\t\t\t<\/div>\n\t\t<\/div>\n\t\t\t\t\t<\/div>\n\t\t<\/section>\n\t\t\t\t<\/div>\n\t\t","protected":false},"excerpt":{"rendered":"<p>Les membres peuvent b\u00e9n\u00e9ficier de tarifs r\u00e9duits sur le stationnement dans les a\u00e9roports partout au Canada en utilisant le code de r\u00e9duction de la succursale d&rsquo;Ottawa. Pour b\u00e9n\u00e9ficier des tarifs r\u00e9duits, les membres doivent r\u00e9server \u00e0 l\u2019avance avec le code de r\u00e9duction, soit sur le site web de Park\u2019N Fly, soit avec leur application.<\/p>\n","protected":false},"author":5,"featured_media":8513,"parent":0,"menu_order":3,"comment_status":"closed","ping_status":"closed","template":"","meta":{"footnotes":""},"class_list":["post-15341","page","type-page","status-publish","has-post-thumbnail","hentry"],"_links":{"self":[{"href":"https:\/\/nafrottawa.com\/fr\/wp-json\/wp\/v2\/pages\/15341","targetHints":{"allow":["GET"]}}],"collection":[{"href":"https:\/\/nafrottawa.com\/fr\/wp-json\/wp\/v2\/pages"}],"about":[{"href":"https:\/\/nafrottawa.com\/fr\/wp-json\/wp\/v2\/types\/page"}],"author":[{"embeddable":true,"href":"https:\/\/nafrottawa.com\/fr\/wp-json\/wp\/v2\/users\/5"}],"replies":[{"embeddable":true,"href":"https:\/\/nafrottawa.com\/fr\/wp-json\/wp\/v2\/comments?post=15341"}],"version-history":[{"count":0,"href":"https:\/\/nafrottawa.com\/fr\/wp-json\/wp\/v2\/pages\/15341\/revisions"}],"wp:featuredmedia":[{"embeddable":true,"href":"https:\/\/nafrottawa.com\/fr\/wp-json\/wp\/v2\/media\/8513"}],"wp:attachment":[{"href":"https:\/\/nafrottawa.com\/fr\/wp-json\/wp\/v2\/media?parent=15341"}],"curies":[{"name":"wp","href":"https:\/\/api.w.org\/{rel}","templated":true}]}}