{"id":15173,"date":"2025-11-13T21:20:45","date_gmt":"2025-11-13T21:20:45","guid":{"rendered":"https:\/\/nafrottawa.com\/?page_id=15173"},"modified":"2025-11-19T15:03:17","modified_gmt":"2025-11-19T15:03:17","slug":"buildable-accessible-design-renovations","status":"publish","type":"page","link":"https:\/\/nafrottawa.com\/fr\/buildable-accessible-design-renovations\/","title":{"rendered":"BuildAble Accessible Design + Renovations"},"content":{"rendered":"\t\t<div data-elementor-type=\"wp-page\" data-elementor-id=\"15173\" class=\"elementor elementor-15173 elementor-15172\" data-elementor-post-type=\"page\">\n\t\t\t\t\t\t<section class=\"elementor-section elementor-top-section elementor-element elementor-element-e07aeb7 elementor-section-boxed elementor-section-height-default elementor-section-height-default\" data-id=\"e07aeb7\" data-element_type=\"section\" data-e-type=\"section\" data-settings=\"{&quot;jet_parallax_layout_list&quot;:[{&quot;jet_parallax_layout_image&quot;:{&quot;url&quot;:&quot;&quot;,&quot;id&quot;:&quot;&quot;,&quot;size&quot;:&quot;&quot;},&quot;_id&quot;:&quot;3f98bd5&quot;,&quot;jet_parallax_layout_image_tablet&quot;:{&quot;url&quot;:&quot;&quot;,&quot;id&quot;:&quot;&quot;,&quot;size&quot;:&quot;&quot;},&quot;jet_parallax_layout_image_mobile&quot;:{&quot;url&quot;:&quot;&quot;,&quot;id&quot;:&quot;&quot;,&quot;size&quot;:&quot;&quot;},&quot;jet_parallax_layout_speed&quot;:{&quot;unit&quot;:&quot;%&quot;,&quot;size&quot;:50,&quot;sizes&quot;:[]},&quot;jet_parallax_layout_type&quot;:&quot;scroll&quot;,&quot;jet_parallax_layout_direction&quot;:&quot;1&quot;,&quot;jet_parallax_layout_fx_direction&quot;:null,&quot;jet_parallax_layout_z_index&quot;:&quot;&quot;,&quot;jet_parallax_layout_bg_x&quot;:50,&quot;jet_parallax_layout_bg_x_tablet&quot;:&quot;&quot;,&quot;jet_parallax_layout_bg_x_mobile&quot;:&quot;&quot;,&quot;jet_parallax_layout_bg_y&quot;:50,&quot;jet_parallax_layout_bg_y_tablet&quot;:&quot;&quot;,&quot;jet_parallax_layout_bg_y_mobile&quot;:&quot;&quot;,&quot;jet_parallax_layout_bg_size&quot;:&quot;auto&quot;,&quot;jet_parallax_layout_bg_size_tablet&quot;:&quot;&quot;,&quot;jet_parallax_layout_bg_size_mobile&quot;:&quot;&quot;,&quot;jet_parallax_layout_animation_prop&quot;:&quot;transform&quot;,&quot;jet_parallax_layout_on&quot;:[&quot;desktop&quot;,&quot;tablet&quot;]}]}\">\n\t\t\t\t\t\t<div class=\"elementor-container elementor-column-gap-default\">\n\t\t\t\t\t<div class=\"elementor-column elementor-col-100 elementor-top-column elementor-element elementor-element-093923a\" data-id=\"093923a\" data-element_type=\"column\" data-e-type=\"column\">\n\t\t\t<div class=\"elementor-widget-wrap elementor-element-populated\">\n\t\t\t\t\t\t<div class=\"elementor-element elementor-element-1e52787 elementor-widget elementor-widget-image\" data-id=\"1e52787\" data-element_type=\"widget\" data-e-type=\"widget\" data-widget_type=\"image.default\">\n\t\t\t\t<div class=\"elementor-widget-container\">\n\t\t\t\t\t\t\t\t\t\t\t\t\t\t\t<img fetchpriority=\"high\" decoding=\"async\" width=\"435\" height=\"218\" src=\"https:\/\/nafrottawa.com\/wp-content\/uploads\/buildable_logo_fnl-07.jpg\" class=\"attachment-full size-full wp-image-15177\" alt=\"\" srcset=\"https:\/\/nafrottawa.com\/wp-content\/uploads\/buildable_logo_fnl-07.jpg 435w, https:\/\/nafrottawa.com\/wp-content\/uploads\/buildable_logo_fnl-07-300x150.jpg 300w\" sizes=\"(max-width: 435px) 100vw, 435px\" \/>\t\t\t\t\t\t\t\t\t\t\t\t\t\t\t<\/div>\n\t\t\t\t<\/div>\n\t\t\t\t<div class=\"elementor-element elementor-element-39eaa89 elementor-widget elementor-widget-text-editor\" data-id=\"39eaa89\" data-element_type=\"widget\" data-e-type=\"widget\" data-widget_type=\"text-editor.default\">\n\t\t\t\t<div class=\"elementor-widget-container\">\n\t\t\t\t\t\t\t\t\t<p style=\"font-weight: 400;\">BuildAble Accessible Design + Renovations est fi\u00e8re d&rsquo;\u00eatre un partenaire privil\u00e9gi\u00e9 de la section d&rsquo;Ottawa de la NAFR, offrant \u00e0 ses membres une r\u00e9duction de 5 % sur le total de toute r\u00e9novation domiciliaire r\u00e9alis\u00e9e par BuildAble. En tant que seul entrepreneur en accessibilit\u00e9 au Canada g\u00e9r\u00e9 par des infirmi\u00e8res, votre r\u00e9novation sera planifi\u00e9e et con\u00e7ue en collaboration avec les sp\u00e9cialistes de BuildAble, eux-m\u00eames dirig\u00e9s par des infirmi\u00e8res. Qu&rsquo;il s&rsquo;agisse de conversions de douches pr\u00e9fabriqu\u00e9es, de salles de bains enti\u00e8rement personnalis\u00e9es et sans obstacle, de cuisines accessibles ou d&rsquo;ascenseurs r\u00e9sidentiels, l&rsquo;\u00e9quipe d&rsquo;experts de BuildAble vous aide \u00e0 cr\u00e9er des espaces s\u00e9curitaires, fonctionnels et esth\u00e9tiques.  <\/p><p style=\"font-weight: 400;\">Vous pouvez contacter l&rsquo;\u00e9quipe de BuildAble \u00e0 l&rsquo;adresse <a href=\"mailto:info@buildable.ca?subject=Making%20my%20space%20accessible!\"><strong>info@BuildAble.ca<\/strong><\/a> ou au <strong>(613) 402-5613.<\/strong><\/p><p style=\"font-weight: 400;\"><em>Il incombe aux membres de la section d&rsquo;Ottawa d&rsquo;informer BuildAble de leur adh\u00e9sion \u00e0 l&rsquo;Association nationale des retrait\u00e9s f\u00e9d\u00e9raux avant toute transaction. Les rabais ne peuvent \u00eatre appliqu\u00e9s a posteriori ni cumul\u00e9s avec d&rsquo;autres rabais ou promotions. <\/em><\/p>\t\t\t\t\t\t\t\t<\/div>\n\t\t\t\t<\/div>\n\t\t\t\t<div class=\"elementor-element elementor-element-c1a25b9 elementor-widget elementor-widget-image\" data-id=\"c1a25b9\" data-element_type=\"widget\" data-e-type=\"widget\" data-widget_type=\"image.default\">\n\t\t\t\t<div class=\"elementor-widget-container\">\n\t\t\t\t\t\t\t\t\t\t\t\t\t\t\t\t<a href=\"https:\/\/nafrottawa.com\/wp-content\/uploads\/buildable-1.png\" data-elementor-open-lightbox=\"yes\" data-elementor-lightbox-title=\"buildable\" data-e-action-hash=\"#elementor-action%3Aaction%3Dlightbox%26settings%3DeyJpZCI6MTUxNzksInVybCI6Imh0dHBzOlwvXC9uYWZyb3R0YXdhLmNvbVwvd3AtY29udGVudFwvdXBsb2Fkc1wvYnVpbGRhYmxlLTEucG5nIn0%3D\">\n\t\t\t\t\t\t\t<img decoding=\"async\" width=\"363\" height=\"640\" src=\"https:\/\/nafrottawa.com\/wp-content\/uploads\/buildable-1.png\" class=\"attachment-full size-full wp-image-15179\" alt=\"\" srcset=\"https:\/\/nafrottawa.com\/wp-content\/uploads\/buildable-1.png 363w, https:\/\/nafrottawa.com\/wp-content\/uploads\/buildable-1-170x300.png 170w\" sizes=\"(max-width: 363px) 100vw, 363px\" \/>\t\t\t\t\t\t\t\t<\/a>\n\t\t\t\t\t\t\t\t\t\t\t\t\t\t\t<\/div>\n\t\t\t\t<\/div>\n\t\t\t\t\t<\/div>\n\t\t<\/div>\n\t\t\t\t\t<\/div>\n\t\t<\/section>\n\t\t\t\t<\/div>\n\t\t","protected":false},"excerpt":{"rendered":"<p>BuildAble Accessible Design + Renovations est fi\u00e8re d&rsquo;\u00eatre un partenaire privil\u00e9gi\u00e9 de la section d&rsquo;Ottawa de la NAFR, offrant \u00e0 ses membres une r\u00e9duction de 5 % sur le total de toute r\u00e9novation domiciliaire r\u00e9alis\u00e9e par BuildAble. En tant que seul entrepreneur en accessibilit\u00e9 au Canada g\u00e9r\u00e9 par des infirmi\u00e8res, votre r\u00e9novation sera planifi\u00e9e et [&hellip;]<\/p>\n","protected":false},"author":5,"featured_media":8513,"parent":0,"menu_order":3,"comment_status":"closed","ping_status":"closed","template":"","meta":{"footnotes":""},"class_list":["post-15173","page","type-page","status-publish","has-post-thumbnail","hentry"],"_links":{"self":[{"href":"https:\/\/nafrottawa.com\/fr\/wp-json\/wp\/v2\/pages\/15173","targetHints":{"allow":["GET"]}}],"collection":[{"href":"https:\/\/nafrottawa.com\/fr\/wp-json\/wp\/v2\/pages"}],"about":[{"href":"https:\/\/nafrottawa.com\/fr\/wp-json\/wp\/v2\/types\/page"}],"author":[{"embeddable":true,"href":"https:\/\/nafrottawa.com\/fr\/wp-json\/wp\/v2\/users\/5"}],"replies":[{"embeddable":true,"href":"https:\/\/nafrottawa.com\/fr\/wp-json\/wp\/v2\/comments?post=15173"}],"version-history":[{"count":0,"href":"https:\/\/nafrottawa.com\/fr\/wp-json\/wp\/v2\/pages\/15173\/revisions"}],"wp:featuredmedia":[{"embeddable":true,"href":"https:\/\/nafrottawa.com\/fr\/wp-json\/wp\/v2\/media\/8513"}],"wp:attachment":[{"href":"https:\/\/nafrottawa.com\/fr\/wp-json\/wp\/v2\/media?parent=15173"}],"curies":[{"name":"wp","href":"https:\/\/api.w.org\/{rel}","templated":true}]}}