{"id":14128,"date":"2024-08-06T17:55:59","date_gmt":"2024-08-06T17:55:59","guid":{"rendered":"https:\/\/nafrottawa.com\/?page_id=14128"},"modified":"2024-08-06T18:26:37","modified_gmt":"2024-08-06T18:26:37","slug":"connected-canadians-technology-training","status":"publish","type":"page","link":"https:\/\/nafrottawa.com\/fr\/connected-canadians-technology-training\/","title":{"rendered":"Connected Canadians Technology Training"},"content":{"rendered":"\t\t<div data-elementor-type=\"wp-page\" data-elementor-id=\"14128\" class=\"elementor elementor-14128 elementor-14127\" data-elementor-post-type=\"page\">\n\t\t\t\t\t\t<section class=\"elementor-section elementor-top-section elementor-element elementor-element-e07aeb7 elementor-section-boxed elementor-section-height-default elementor-section-height-default\" data-id=\"e07aeb7\" data-element_type=\"section\" data-e-type=\"section\" data-settings=\"{&quot;jet_parallax_layout_list&quot;:[{&quot;jet_parallax_layout_image&quot;:{&quot;url&quot;:&quot;&quot;,&quot;id&quot;:&quot;&quot;,&quot;size&quot;:&quot;&quot;},&quot;_id&quot;:&quot;3f98bd5&quot;,&quot;jet_parallax_layout_image_tablet&quot;:{&quot;url&quot;:&quot;&quot;,&quot;id&quot;:&quot;&quot;,&quot;size&quot;:&quot;&quot;},&quot;jet_parallax_layout_image_mobile&quot;:{&quot;url&quot;:&quot;&quot;,&quot;id&quot;:&quot;&quot;,&quot;size&quot;:&quot;&quot;},&quot;jet_parallax_layout_speed&quot;:{&quot;unit&quot;:&quot;%&quot;,&quot;size&quot;:50,&quot;sizes&quot;:[]},&quot;jet_parallax_layout_type&quot;:&quot;scroll&quot;,&quot;jet_parallax_layout_direction&quot;:&quot;1&quot;,&quot;jet_parallax_layout_fx_direction&quot;:null,&quot;jet_parallax_layout_z_index&quot;:&quot;&quot;,&quot;jet_parallax_layout_bg_x&quot;:50,&quot;jet_parallax_layout_bg_x_tablet&quot;:&quot;&quot;,&quot;jet_parallax_layout_bg_x_mobile&quot;:&quot;&quot;,&quot;jet_parallax_layout_bg_y&quot;:50,&quot;jet_parallax_layout_bg_y_tablet&quot;:&quot;&quot;,&quot;jet_parallax_layout_bg_y_mobile&quot;:&quot;&quot;,&quot;jet_parallax_layout_bg_size&quot;:&quot;auto&quot;,&quot;jet_parallax_layout_bg_size_tablet&quot;:&quot;&quot;,&quot;jet_parallax_layout_bg_size_mobile&quot;:&quot;&quot;,&quot;jet_parallax_layout_animation_prop&quot;:&quot;transform&quot;,&quot;jet_parallax_layout_on&quot;:[&quot;desktop&quot;,&quot;tablet&quot;]}]}\">\n\t\t\t\t\t\t<div class=\"elementor-container elementor-column-gap-default\">\n\t\t\t\t\t<div class=\"elementor-column elementor-col-100 elementor-top-column elementor-element elementor-element-093923a\" data-id=\"093923a\" data-element_type=\"column\" data-e-type=\"column\">\n\t\t\t<div class=\"elementor-widget-wrap elementor-element-populated\">\n\t\t\t\t\t\t<div class=\"elementor-element elementor-element-1e52787 elementor-widget elementor-widget-image\" data-id=\"1e52787\" data-element_type=\"widget\" data-e-type=\"widget\" data-widget_type=\"image.default\">\n\t\t\t\t<div class=\"elementor-widget-container\">\n\t\t\t\t\t\t\t\t\t\t\t\t\t\t\t<img fetchpriority=\"high\" decoding=\"async\" width=\"500\" height=\"482\" src=\"https:\/\/nafrottawa.com\/wp-content\/uploads\/CCLogoVertical.jpg\" class=\"attachment-full size-full wp-image-14148\" alt=\"\" srcset=\"https:\/\/nafrottawa.com\/wp-content\/uploads\/CCLogoVertical.jpg 500w, https:\/\/nafrottawa.com\/wp-content\/uploads\/CCLogoVertical-300x289.jpg 300w\" sizes=\"(max-width: 500px) 100vw, 500px\" \/>\t\t\t\t\t\t\t\t\t\t\t\t\t\t\t<\/div>\n\t\t\t\t<\/div>\n\t\t\t\t<div class=\"elementor-element elementor-element-39eaa89 elementor-widget elementor-widget-text-editor\" data-id=\"39eaa89\" data-element_type=\"widget\" data-e-type=\"widget\" data-widget_type=\"text-editor.default\">\n\t\t\t\t<div class=\"elementor-widget-container\">\n\t\t\t\t\t\t\t\t\t<p><span style=\"font-weight: 400;\">La section d\u2019Ottawa collabore avec Canadiens branch\u00e9s, un organisme local \u00e0 but non lucratif qui propose aux a\u00een\u00e9s une formation et un soutien en mati\u00e8re de technologie, afin de les aider \u00e0 acqu\u00e9rir des comp\u00e9tences num\u00e9riques et r\u00e9duire leur isolement et leur solitude. <\/span><\/p>\n<p><span style=\"font-weight: 400;\">Les b\u00e9n\u00e9voles et le personnel de Canadiens branch\u00e9s offrent gratuitement un soutien technologique individuel aux a\u00een\u00e9s par t\u00e9l\u00e9phone, par Internet ou sur rendez-vous.Connected Canadians volunteers and staff provide free one-on-one technology support to seniors over the phone or the internet or by appointment. Les demandes d\u2019aide les plus fr\u00e9quentes concernent la configuration du courrier \u00e9lectronique, l\u2019envoi de photos par courriel, l\u2019envoi de textos, la vid\u00e9oconf\u00e9rence sur FaceTime, Skype ou Zoom et les rudiments de l\u2019utilisation de Facebook, de YouTube et des navigateurs. Pour en savoir plus sur les services offerts par l\u2019organisme, vous pouvez visiter <\/span><a href=\"https:\/\/www.connectedcanadians.ca\/fr\/seances-individuelles\" target=\"_blank\" rel=\"noopener\"><span style=\"font-weight: 400;\">son site Web<\/span><\/a><span style=\"font-weight: 400;\">, lui envoyer un courriel \u00e0<\/span> <a href=\"mailto:info@connectedcanadians.ca\"><b>info@connectedcanadians.ca<\/b><\/a><span style=\"font-weight: 400;\"> ou l\u2019appeler au<\/span><a href=\"tel:+16136997896\"><b> (613) 699-7896<\/b><\/a><span style=\"font-weight: 400;\">.<\/span><\/p>\n<p><span style=\"font-weight: 400;\">Nous avons \u00e9galement organis\u00e9 des webinaires gratuits pour nos membres avec Canadiens branch\u00e9s \u00e0 l&rsquo;automne, dont le premier aura lieu en novembre et portera sur la protection contre les escroqueries. <\/span><\/p>\n\t\t\t\t\t\t\t\t<\/div>\n\t\t\t\t<\/div>\n\t\t\t\t\t<\/div>\n\t\t<\/div>\n\t\t\t\t\t<\/div>\n\t\t<\/section>\n\t\t\t\t<\/div>\n\t\t","protected":false},"excerpt":{"rendered":"<p>La section d\u2019Ottawa collabore avec Canadiens branch\u00e9s, un organisme local \u00e0 but non lucratif qui propose aux a\u00een\u00e9s une formation et un soutien en mati\u00e8re de technologie, afin de les aider \u00e0 acqu\u00e9rir des comp\u00e9tences num\u00e9riques et r\u00e9duire leur isolement et leur solitude. Les b\u00e9n\u00e9voles et le personnel de Canadiens branch\u00e9s offrent gratuitement un soutien [&hellip;]<\/p>\n","protected":false},"author":5,"featured_media":8513,"parent":0,"menu_order":3,"comment_status":"closed","ping_status":"closed","template":"","meta":{"footnotes":""},"class_list":["post-14128","page","type-page","status-publish","has-post-thumbnail","hentry"],"_links":{"self":[{"href":"https:\/\/nafrottawa.com\/fr\/wp-json\/wp\/v2\/pages\/14128","targetHints":{"allow":["GET"]}}],"collection":[{"href":"https:\/\/nafrottawa.com\/fr\/wp-json\/wp\/v2\/pages"}],"about":[{"href":"https:\/\/nafrottawa.com\/fr\/wp-json\/wp\/v2\/types\/page"}],"author":[{"embeddable":true,"href":"https:\/\/nafrottawa.com\/fr\/wp-json\/wp\/v2\/users\/5"}],"replies":[{"embeddable":true,"href":"https:\/\/nafrottawa.com\/fr\/wp-json\/wp\/v2\/comments?post=14128"}],"version-history":[{"count":0,"href":"https:\/\/nafrottawa.com\/fr\/wp-json\/wp\/v2\/pages\/14128\/revisions"}],"wp:featuredmedia":[{"embeddable":true,"href":"https:\/\/nafrottawa.com\/fr\/wp-json\/wp\/v2\/media\/8513"}],"wp:attachment":[{"href":"https:\/\/nafrottawa.com\/fr\/wp-json\/wp\/v2\/media?parent=14128"}],"curies":[{"name":"wp","href":"https:\/\/api.w.org\/{rel}","templated":true}]}}