{"id":13984,"date":"2024-05-28T13:54:03","date_gmt":"2024-05-28T13:54:03","guid":{"rendered":"https:\/\/nafrottawa.com\/?page_id=13984"},"modified":"2025-07-02T21:12:37","modified_gmt":"2025-07-02T21:12:37","slug":"natural-skin-sole-wellness-clinic","status":"publish","type":"page","link":"https:\/\/nafrottawa.com\/fr\/natural-skin-sole-wellness-clinic\/","title":{"rendered":"Natural Skin  Sole Wellness Clinic"},"content":{"rendered":"\t\t<div data-elementor-type=\"wp-page\" data-elementor-id=\"13984\" class=\"elementor elementor-13984 elementor-13983\" data-elementor-post-type=\"page\">\n\t\t\t\t\t\t<section class=\"elementor-section elementor-top-section elementor-element elementor-element-e07aeb7 elementor-section-boxed elementor-section-height-default elementor-section-height-default\" data-id=\"e07aeb7\" data-element_type=\"section\" data-e-type=\"section\" data-settings=\"{&quot;jet_parallax_layout_list&quot;:[{&quot;jet_parallax_layout_image&quot;:{&quot;url&quot;:&quot;&quot;,&quot;id&quot;:&quot;&quot;,&quot;size&quot;:&quot;&quot;},&quot;_id&quot;:&quot;3f98bd5&quot;,&quot;jet_parallax_layout_image_tablet&quot;:{&quot;url&quot;:&quot;&quot;,&quot;id&quot;:&quot;&quot;,&quot;size&quot;:&quot;&quot;},&quot;jet_parallax_layout_image_mobile&quot;:{&quot;url&quot;:&quot;&quot;,&quot;id&quot;:&quot;&quot;,&quot;size&quot;:&quot;&quot;},&quot;jet_parallax_layout_speed&quot;:{&quot;unit&quot;:&quot;%&quot;,&quot;size&quot;:50,&quot;sizes&quot;:[]},&quot;jet_parallax_layout_type&quot;:&quot;scroll&quot;,&quot;jet_parallax_layout_direction&quot;:&quot;1&quot;,&quot;jet_parallax_layout_fx_direction&quot;:null,&quot;jet_parallax_layout_z_index&quot;:&quot;&quot;,&quot;jet_parallax_layout_bg_x&quot;:50,&quot;jet_parallax_layout_bg_x_tablet&quot;:&quot;&quot;,&quot;jet_parallax_layout_bg_x_mobile&quot;:&quot;&quot;,&quot;jet_parallax_layout_bg_y&quot;:50,&quot;jet_parallax_layout_bg_y_tablet&quot;:&quot;&quot;,&quot;jet_parallax_layout_bg_y_mobile&quot;:&quot;&quot;,&quot;jet_parallax_layout_bg_size&quot;:&quot;auto&quot;,&quot;jet_parallax_layout_bg_size_tablet&quot;:&quot;&quot;,&quot;jet_parallax_layout_bg_size_mobile&quot;:&quot;&quot;,&quot;jet_parallax_layout_animation_prop&quot;:&quot;transform&quot;,&quot;jet_parallax_layout_on&quot;:[&quot;desktop&quot;,&quot;tablet&quot;]}]}\">\n\t\t\t\t\t\t<div class=\"elementor-container elementor-column-gap-default\">\n\t\t\t\t\t<div class=\"elementor-column elementor-col-100 elementor-top-column elementor-element elementor-element-093923a\" data-id=\"093923a\" data-element_type=\"column\" data-e-type=\"column\">\n\t\t\t<div class=\"elementor-widget-wrap elementor-element-populated\">\n\t\t\t\t\t\t<div class=\"elementor-element elementor-element-1e52787 elementor-widget elementor-widget-image\" data-id=\"1e52787\" data-element_type=\"widget\" data-e-type=\"widget\" data-widget_type=\"image.default\">\n\t\t\t\t<div class=\"elementor-widget-container\">\n\t\t\t\t\t\t\t\t\t\t\t\t\t\t\t<img fetchpriority=\"high\" decoding=\"async\" width=\"2134\" height=\"660\" src=\"https:\/\/nafrottawa.com\/wp-content\/uploads\/NaturalSole_Logo.png\" class=\"attachment-full size-full wp-image-13988\" alt=\"\" srcset=\"https:\/\/nafrottawa.com\/wp-content\/uploads\/NaturalSole_Logo.png 2134w, https:\/\/nafrottawa.com\/wp-content\/uploads\/NaturalSole_Logo-300x93.png 300w, https:\/\/nafrottawa.com\/wp-content\/uploads\/NaturalSole_Logo-1024x317.png 1024w, https:\/\/nafrottawa.com\/wp-content\/uploads\/NaturalSole_Logo-768x238.png 768w, https:\/\/nafrottawa.com\/wp-content\/uploads\/NaturalSole_Logo-1536x475.png 1536w, https:\/\/nafrottawa.com\/wp-content\/uploads\/NaturalSole_Logo-2048x633.png 2048w\" sizes=\"(max-width: 2134px) 100vw, 2134px\" \/>\t\t\t\t\t\t\t\t\t\t\t\t\t\t\t<\/div>\n\t\t\t\t<\/div>\n\t\t\t\t<div class=\"elementor-element elementor-element-39eaa89 elementor-widget elementor-widget-text-editor\" data-id=\"39eaa89\" data-element_type=\"widget\" data-e-type=\"widget\" data-widget_type=\"text-editor.default\">\n\t\t\t\t<div class=\"elementor-widget-container\">\n\t\t\t\t\t\t\t\t\t<p><span style=\"font-weight: 400;\">Les membres de la Section d&rsquo;Ottawa b\u00e9n\u00e9ficient d&rsquo;une<\/span><b> r\u00e9duction exclusive de 45 %<\/b> <span style=\"font-weight: 400;\">sur<\/span> <span style=\"font-weight: 400;\">l&rsquo;adh\u00e9sion annuelle VIP<\/span> <b>au programme d&rsquo;esth\u00e9tique de la Natural Skin and Sole Wellness Clinic&nbsp;<\/b><\/p>\n<p>Vous pouvez acheter votre adh\u00e9sion VIP en personne \u00e0 la clinique situ\u00e9e au <b>1677 Carling Ave. Unit\u00e9 B <\/b>. Assurez-vous d&rsquo;indiquer que vous \u00eates membre de la Section d&rsquo;Ottawa et d&rsquo;avoir votre num\u00e9ro de membre ou votre carte de membre \u00e0 port\u00e9e de la main.<\/p>\n<p>Vous pouvez \u00e9galement visiter&nbsp; <a href=\"https:\/\/www.naturalsolewellness.ca\/nafr-promotions-ottawa\/\" target=\"_blank\" rel=\"noopener\"><b>leur site Web<\/b><\/a> &nbsp;pour obtenir plus de d\u00e9tails sur les rabais et les offres offerts aux membres de l&rsquo;ANRF d&rsquo;Ottawa, y compris une <b>consultation gratuite en esth\u00e9tique m\u00e9dicale&nbsp;<\/b>.<\/p>\n<p>Vous pouvez contacter la clinique par t\u00e9l\u00e9phone au&nbsp;<b> (613) 761-6060<\/b> ou par courriel \u00e0&nbsp; <b>info@naturalsolewellness.ca<\/b>.<\/p>\t\t\t\t\t\t\t\t<\/div>\n\t\t\t\t<\/div>\n\t\t\t\t\t<\/div>\n\t\t<\/div>\n\t\t\t\t\t<\/div>\n\t\t<\/section>\n\t\t<div class=\"elementor-element elementor-element-2fa4ee7 e-flex e-con-boxed e-con e-parent\" data-id=\"2fa4ee7\" data-element_type=\"container\" data-e-type=\"container\" data-settings=\"{&quot;jet_parallax_layout_list&quot;:[]}\">\n\t\t\t\t\t<div class=\"e-con-inner\">\n\t\t\t\t<div class=\"elementor-element elementor-element-b6c525b elementor-widget elementor-widget-image\" data-id=\"b6c525b\" data-element_type=\"widget\" data-e-type=\"widget\" data-widget_type=\"image.default\">\n\t\t\t\t<div class=\"elementor-widget-container\">\n\t\t\t\t\t\t\t\t\t\t\t\t\t\t\t<img decoding=\"async\" width=\"1972\" height=\"2560\" src=\"https:\/\/nafrottawa.com\/wp-content\/uploads\/NaturalSole_Promo_Image-scaled.jpg\" class=\"attachment-full size-full wp-image-14789\" alt=\"\" srcset=\"https:\/\/nafrottawa.com\/wp-content\/uploads\/NaturalSole_Promo_Image-scaled.jpg 1972w, https:\/\/nafrottawa.com\/wp-content\/uploads\/NaturalSole_Promo_Image-231x300.jpg 231w, https:\/\/nafrottawa.com\/wp-content\/uploads\/NaturalSole_Promo_Image-789x1024.jpg 789w, https:\/\/nafrottawa.com\/wp-content\/uploads\/NaturalSole_Promo_Image-768x997.jpg 768w, https:\/\/nafrottawa.com\/wp-content\/uploads\/NaturalSole_Promo_Image-1183x1536.jpg 1183w, https:\/\/nafrottawa.com\/wp-content\/uploads\/NaturalSole_Promo_Image-1578x2048.jpg 1578w\" sizes=\"(max-width: 1972px) 100vw, 1972px\" \/>\t\t\t\t\t\t\t\t\t\t\t\t\t\t\t<\/div>\n\t\t\t\t<\/div>\n\t\t\t\t\t<\/div>\n\t\t\t\t<\/div>\n\t\t\t\t<\/div>\n\t\t","protected":false},"excerpt":{"rendered":"<p>Les membres de la Section d&rsquo;Ottawa b\u00e9n\u00e9ficient d&rsquo;une r\u00e9duction exclusive de 45 % sur l&rsquo;adh\u00e9sion annuelle VIP au programme d&rsquo;esth\u00e9tique de la Natural Skin and Sole Wellness Clinic&nbsp; Vous pouvez acheter votre adh\u00e9sion VIP en personne \u00e0 la clinique situ\u00e9e au 1677 Carling Ave. Unit\u00e9 B . Assurez-vous d&rsquo;indiquer que vous \u00eates membre de la [&hellip;]<\/p>\n","protected":false},"author":5,"featured_media":8513,"parent":0,"menu_order":3,"comment_status":"closed","ping_status":"closed","template":"","meta":{"footnotes":""},"class_list":["post-13984","page","type-page","status-publish","has-post-thumbnail","hentry"],"_links":{"self":[{"href":"https:\/\/nafrottawa.com\/fr\/wp-json\/wp\/v2\/pages\/13984","targetHints":{"allow":["GET"]}}],"collection":[{"href":"https:\/\/nafrottawa.com\/fr\/wp-json\/wp\/v2\/pages"}],"about":[{"href":"https:\/\/nafrottawa.com\/fr\/wp-json\/wp\/v2\/types\/page"}],"author":[{"embeddable":true,"href":"https:\/\/nafrottawa.com\/fr\/wp-json\/wp\/v2\/users\/5"}],"replies":[{"embeddable":true,"href":"https:\/\/nafrottawa.com\/fr\/wp-json\/wp\/v2\/comments?post=13984"}],"version-history":[{"count":0,"href":"https:\/\/nafrottawa.com\/fr\/wp-json\/wp\/v2\/pages\/13984\/revisions"}],"wp:featuredmedia":[{"embeddable":true,"href":"https:\/\/nafrottawa.com\/fr\/wp-json\/wp\/v2\/media\/8513"}],"wp:attachment":[{"href":"https:\/\/nafrottawa.com\/fr\/wp-json\/wp\/v2\/media?parent=13984"}],"curies":[{"name":"wp","href":"https:\/\/api.w.org\/{rel}","templated":true}]}}